{"id":1181,"date":"2023-03-15T08:29:03","date_gmt":"2023-03-15T07:29:03","guid":{"rendered":"https:\/\/perissee.fr\/wp\/?page_id=1181"},"modified":"2024-08-26T08:52:12","modified_gmt":"2024-08-26T06:52:12","slug":"home","status":"publish","type":"page","link":"https:\/\/perissee.fr\/de\/","title":{"rendered":"Home"},"content":{"rendered":"\r\n<div class=\"wp-block-uagb-container uagb-block-beeaa9bb alignfull uagb-is-root-container\">\r\n<div class=\"uagb-container-inner-blocks-wrap\">\r\n<h2 class=\"wp-block-heading has-text-align-center\" style=\"font-style: normal; font-weight: 600; padding: var(--wp--preset--spacing--30);\">Willkommen in den &#8222;Coteaux de Bigorre&#8220;<\/h2>\r\n\r\n\r\n\r\n<p style=\"font-size: 16px; line-height: 1.8;\">Eine Oase der Ruhe! In einem alten, von uns renovierten Bauernhaus, das in den H\u00fcgeln am Fu\u00dfe der Pyren\u00e4en liegt, bieten wir Ihnen zwei helle und ger\u00e4umige Ferienwohnungen in ruhiger Lage. Jede Wohnung hat einen separaten Eingang, Parkpl\u00e4tze, Terrassen mit Grill und Gartenm\u00f6beln. Die Wohnungen haben unterschiedliche Ausrichtungen und private Gartenbereiche. Buchungen sind \u00fcber die folgenden beiden Seiten der Wohnungen m\u00f6glich.<\/p>\r\n\r\n\r\n\n<div class=\"wp-block-uagb-container uagb-block-bf03a61d\">\n<figure class=\"wp-block-image aligncenter is-resized\" id=\"kleine-G\u00eete\"><a href=\"https:\/\/perissee.fr\/petit-gite\/\"><img loading=\"lazy\" decoding=\"async\" src=\"https:\/\/perissee.fr\/wp-content\/uploads\/kleineGite.jpg\" alt=\"\" class=\"wp-image-388\" width=\"480\" height=\"360\" srcset=\"https:\/\/perissee.fr\/wp-content\/uploads\/kleineGite.jpg 640w, https:\/\/perissee.fr\/wp-content\/uploads\/kleineGite-300x225.jpg 300w\" sizes=\"(max-width: 480px) 100vw, 480px\" \/><\/a><figcaption class=\"wp-element-caption\"><strong>Le petit G\u00eete<\/strong><\/figcaption><\/figure>\n\n\n\n<figure class=\"wp-block-image aligncenter size-large is-resized is-style-default\" id=\"grosse-G\u00eete\"><a href=\"https:\/\/perissee.fr\/grand-gite\/\" target=\"_blank\" rel=\"noreferrer noopener\"><img loading=\"lazy\" decoding=\"async\" src=\"https:\/\/perissee.fr\/wp-content\/uploads\/kastanie-1024x768.jpg\" alt=\"\" class=\"wp-image-387\" width=\"480\" height=\"360\" srcset=\"https:\/\/perissee.fr\/wp-content\/uploads\/kastanie-1024x768.jpg 1024w, https:\/\/perissee.fr\/wp-content\/uploads\/kastanie-300x225.jpg 300w, https:\/\/perissee.fr\/wp-content\/uploads\/kastanie-768x576.jpg 768w, https:\/\/perissee.fr\/wp-content\/uploads\/kastanie-1536x1152.jpg 1536w, https:\/\/perissee.fr\/wp-content\/uploads\/kastanie.jpg 1600w\" sizes=\"(max-width: 480px) 100vw, 480px\" \/><\/a><figcaption class=\"wp-element-caption\"><strong>Le grand G\u00eete<\/strong><\/figcaption><\/figure>\n<\/div>\n\r\n\r\n\r\n<ul class=\"has-ast-global-color-6-color has-text-color has-link-color wp-block-list wp-elements-5685929ef3a096137fc1994d775f12d4\" style=\"line-height: 2;\">\r\n<li style=\"line-height: 1.8;\">Etwa 1 km entfernt befindet sich der Natura2000 gesch\u00fctzte Stausee &#8222;Lac de Puydarrieux&#8220;, der vielen Vogelarten als Winterquartier dient. Das Haus befindet sich nicht weit von einem kleinen Dorf, drei kleinen St\u00e4dten (<a href=\"http:\/\/fmaquaire.free.fr\/\" target=\"_blank\" rel=\"noreferrer noopener\">Galan<\/a>, <a href=\"http:\/\/triesurbaise.com\" target=\"_blank\" rel=\"noreferrer noopener\">Trie sur Baise<\/a> und <a href=\"https:\/\/www.castelnaumagnoac.fr\/\" target=\"_blank\" rel=\"noreferrer noopener\">Castelnau Magnoac<\/a>) mit sch\u00f6nen Wochenm\u00e4rkten die schnell erreichbar sind. In Galan (4 km) gibt es ein kleines Lebensmittelgesch\u00e4ft, eine Bar, eine B\u00e4ckerei und eine Metzgerei sowie zwei Restaurants.<\/li>\r\n\r\n\r\n\r\n<li style=\"line-height: 1.8;\">N\u00e4chstgelegene Badem\u00f6glichkeit mit Grillm\u00f6glichkeiten ist in Castelnau Magnoac ca. 9 km<\/li>\r\n\r\n\r\n\r\n<li style=\"line-height: 1.8;\">Es gibt zahlreiche Wanderm\u00f6glichkeiten in unmittelbarer N\u00e4he, Wanderkarten sind in den Unterk\u00fcnften erh\u00e4ltlich. Die Pyren\u00e4en (Vall\u00e9e d&#8217;Aure) sind in einer halben Stunde mit dem Auto erreichbar.<\/li>\r\n\r\n\r\n\r\n<li style=\"line-height: 1.8;\">Auch Fahrrad-\/Motorradtouren sind hier aufgrund des geringen Verkehrsaufkommens ein gro\u00dfes Vergn\u00fcgen. Besonders sch\u00f6n ist es mit einem Pedelec, da die h\u00fcgelige Landschaft so m\u00fchelos erkundet werden kann. Wir bieten auch GPS-Tracks unserer eigenen Routen an und sind Ihnen gerne bei der Auswahl Ihrer Entdeckungstouren behilflich.<\/li>\r\n\r\n\r\n\r\n<li style=\"line-height: 1.8;\">Ein ausgezeichnetes Restaurant mit Michelin-Stern (<a href=\"http:\/\/sandikala.com\" target=\"_blank\" rel=\"noreferrer noopener\">Sandikala<\/a>) ist 5 km entfernt, sowie einige gute &#8218;<a href=\"http:\/\/ferme-auberge-du-lac.fr\" target=\"_blank\" rel=\"noreferrer noopener\">Fermes Auberges<\/a>&#8218;.<\/li>\r\n\r\n\r\n\r\n<li style=\"line-height: 1.8;\">Im Sommer k\u00f6nnen Sie ber\u00fchmte Festivals besuchen :<\/li>\r\n\r\n\r\n\r\n<li>Festival&nbsp;<a href=\"http:\/\/www.tempo-latino.com\/\" target=\"_blank\" rel=\"noreferrer noopener\">Tempo Latino&nbsp;<\/a>\u00e0 Vic-Fezensac&nbsp; ;<\/li>\r\n\r\n\r\n\r\n<li><a href=\"http:\/\/www.country-musique.com\/\" target=\"_blank\" rel=\"noreferrer noopener\">Countryfestival<\/a>&nbsp;\u00e0 Mirande<\/li>\r\n\r\n\r\n\r\n<li><a href=\"http:\/\/jazzinmarciac.com\" target=\"_blank\" rel=\"noreferrer noopener\">Festival de Jazz <\/a>\u00e0 Marciac<\/li>\r\n<\/ul>\r\n\r\n\r\n\r\n<p class=\"has-ast-global-color-6-color has-text-color has-link-color wp-elements-0be4fa2430e43fa9cbb6336064d428fa\">&nbsp;<\/p>\r\n<\/div>\r\n<\/div>\r\n","protected":false},"excerpt":{"rendered":"<p>Willkommen in den &#8222;Coteaux de Bigorre&#8220; Eine Oase der Ruhe! In einem alten, von uns renovierten Bauernhaus, das in den H\u00fcgeln am Fu\u00dfe der Pyren\u00e4en liegt, bieten wir Ihnen zwei helle und ger\u00e4umige Ferienwohnungen in ruhiger Lage. Jede Wohnung hat einen separaten Eingang, Parkpl\u00e4tze, Terrassen mit Grill und Gartenm\u00f6beln. Die Wohnungen haben unterschiedliche Ausrichtungen und [&hellip;]<\/p>\n","protected":false},"author":1,"featured_media":0,"parent":0,"menu_order":0,"comment_status":"closed","ping_status":"closed","template":"","meta":{"_eb_attr":"","_uag_custom_page_level_css":"","site-sidebar-layout":"default","site-content-layout":"","ast-site-content-layout":"default","site-content-style":"default","site-sidebar-style":"default","ast-global-header-display":"","ast-banner-title-visibility":"","ast-main-header-display":"","ast-hfb-above-header-display":"","ast-hfb-below-header-display":"","ast-hfb-mobile-header-display":"","site-post-title":"disabled","ast-breadcrumbs-content":"","ast-featured-img":"","footer-sml-layout":"","theme-transparent-header-meta":"","adv-header-id-meta":"","stick-header-meta":"","header-above-stick-meta":"","header-main-stick-meta":"","header-below-stick-meta":"","astra-migrate-meta-layouts":"set","ast-page-background-enabled":"default","ast-page-background-meta":{"desktop":{"background-color":"","background-image":"","background-repeat":"repeat","background-position":"center center","background-size":"auto","background-attachment":"scroll","background-type":"","background-media":"","overlay-type":"","overlay-color":"","overlay-opacity":"","overlay-gradient":""},"tablet":{"background-color":"","background-image":"","background-repeat":"repeat","background-position":"center center","background-size":"auto","background-attachment":"scroll","background-type":"","background-media":"","overlay-type":"","overlay-color":"","overlay-opacity":"","overlay-gradient":""},"mobile":{"background-color":"","background-image":"","background-repeat":"repeat","background-position":"center center","background-size":"auto","background-attachment":"scroll","background-type":"","background-media":"","overlay-type":"","overlay-color":"","overlay-opacity":"","overlay-gradient":""}},"ast-content-background-meta":{"desktop":{"background-color":"var(--ast-global-color-5)","background-image":"","background-repeat":"repeat","background-position":"center center","background-size":"auto","background-attachment":"scroll","background-type":"","background-media":"","overlay-type":"","overlay-color":"","overlay-opacity":"","overlay-gradient":""},"tablet":{"background-color":"var(--ast-global-color-5)","background-image":"","background-repeat":"repeat","background-position":"center center","background-size":"auto","background-attachment":"scroll","background-type":"","background-media":"","overlay-type":"","overlay-color":"","overlay-opacity":"","overlay-gradient":""},"mobile":{"background-color":"var(--ast-global-color-5)","background-image":"","background-repeat":"repeat","background-position":"center center","background-size":"auto","background-attachment":"scroll","background-type":"","background-media":"","overlay-type":"","overlay-color":"","overlay-opacity":"","overlay-gradient":""}},"footnotes":""},"class_list":["post-1181","page","type-page","status-publish","hentry"],"yoast_head":"<!-- This site is optimized with the Yoast SEO plugin v24.6 - https:\/\/yoast.com\/wordpress\/plugins\/seo\/ -->\n<title>Home<\/title>\n<meta name=\"description\" content=\"Willkommen in den &quot;Coteaux de Bigorre&quot; Eine Oase der Ruhe! In einem alten, von uns renovierten Bauernhaus, das in den H\u00fcgeln am Fu\u00dfe der Pyren\u00e4en liegt, bieten wir Ihnen zwei helle und ger\u00e4umige Ferienwohnungen in ruhiger Lage. Jede Wohnung hat einen separaten Eingang, Parkpl\u00e4tze, Terrassen mit Grill und Gartenm\u00f6beln. Die Wohnungen haben unterschiedliche Ausrichtungen und&hellip;\" \/>\n<meta name=\"robots\" content=\"index, follow, max-snippet:-1, max-image-preview:large, max-video-preview:-1\" \/>\n<link rel=\"canonical\" href=\"http:\/\/Willkommen%20in%20den%20Coteaux%20de%20Bigorre%20Eine%20Oase%20der%20Ruhe!%20In%20einem%20alten,%20von%20uns%20renovierten%20Bauernhaus,%20das%20in%20den%20H\u00fcgeln%20am%20Fu\u00dfe%20der%20Pyren\u00e4en%20liegt,%20bieten%20wir%20Ihnen%20zwei%20helle%20und%20ger\u00e4umige%20Ferienwohnungen%20in%20ruhiger%20Lage.%20Jede%20Wohnung%20hat%20einen%20separaten%20Eingang,%20Parkpl\u00e4tze,%20Terrassen%20mit%20Grill%20und%20Gartenm\u00f6beln.%20Die%20Wohnungen%20haben%20unterschiedliche%20Ausrichtungen%20und&hellip;\" \/>\n<meta property=\"og:locale\" content=\"de_DE\" \/>\n<meta property=\"og:type\" content=\"article\" \/>\n<meta property=\"og:title\" content=\"Home\" \/>\n<meta property=\"og:description\" content=\"Willkommen in den &quot;Coteaux de Bigorre&quot; Eine Oase der Ruhe! In einem alten, von uns renovierten Bauernhaus, das in den H\u00fcgeln am Fu\u00dfe der Pyren\u00e4en liegt, bieten wir Ihnen zwei helle und ger\u00e4umige Ferienwohnungen in ruhiger Lage. Jede Wohnung hat einen separaten Eingang, Parkpl\u00e4tze, Terrassen mit Grill und Gartenm\u00f6beln. Die Wohnungen haben unterschiedliche Ausrichtungen und&hellip;\" \/>\n<meta property=\"og:url\" content=\"https:\/\/perissee.fr\/de\/\" \/>\n<meta property=\"og:site_name\" content=\"G\u00eete P\u00e9riss\u00e9 in der Gascogne\" \/>\n<meta property=\"article:modified_time\" content=\"2024-08-26T06:52:12+00:00\" \/>\n<meta name=\"twitter:card\" content=\"summary_large_image\" \/>\n<meta name=\"twitter:label1\" content=\"Gesch\u00e4tzte Lesezeit\" \/>\n\t<meta name=\"twitter:data1\" content=\"2\u00a0Minuten\" \/>\n<script type=\"application\/ld+json\" class=\"yoast-schema-graph\">{\"@context\":\"https:\/\/schema.org\",\"@graph\":[{\"@type\":\"WebPage\",\"@id\":\"https:\/\/perissee.fr\/de\/\",\"url\":\"https:\/\/perissee.fr\/de\/\",\"name\":\"Accueil - G\u00eete P\u00e9riss\u00e9 in der Gascogne\",\"isPartOf\":{\"@id\":\"https:\/\/perissee.fr\/fr\/#website\"},\"datePublished\":\"2023-03-15T07:29:03+00:00\",\"dateModified\":\"2024-08-26T06:52:12+00:00\",\"breadcrumb\":{\"@id\":\"https:\/\/perissee.fr\/de\/#breadcrumb\"},\"inLanguage\":\"de\",\"potentialAction\":[{\"@type\":\"ReadAction\",\"target\":[\"https:\/\/perissee.fr\/de\/\"]}]},{\"@type\":\"BreadcrumbList\",\"@id\":\"https:\/\/perissee.fr\/de\/#breadcrumb\",\"itemListElement\":[{\"@type\":\"ListItem\",\"position\":1,\"name\":\"Home\",\"item\":\"https:\/\/perissee.fr\/fr\/\"},{\"@type\":\"ListItem\",\"position\":2,\"name\":\"Home\"}]},{\"@type\":\"WebSite\",\"@id\":\"https:\/\/perissee.fr\/de\/fr\/#website\",\"url\":\"https:\/\/perissee.fr\/de\/fr\/\",\"name\":\"G\u00eete P\u00e9riss\u00e9 in der Gascogne\",\"description\":\"Besuchen Sie uns in der  Gascogne\",\"publisher\":{\"@id\":\"https:\/\/perissee.fr\/de\/fr\/#organization\"},\"potentialAction\":[{\"@type\":\"SearchAction\",\"target\":{\"@type\":\"EntryPoint\",\"urlTemplate\":\"https:\/\/perissee.fr\/de\/fr\/?s={search_term_string}\"},\"query-input\":{\"@type\":\"PropertyValueSpecification\",\"valueRequired\":true,\"valueName\":\"search_term_string\"}}],\"inLanguage\":\"de\"},{\"@type\":\"Organization\",\"@id\":\"https:\/\/perissee.fr\/de\/fr\/#organization\",\"name\":\"G\u00eete P\u00e9riss\u00e9 in der Gascogne\",\"url\":\"https:\/\/perissee.fr\/de\/fr\/\",\"logo\":{\"@type\":\"ImageObject\",\"inLanguage\":\"de\",\"@id\":\"https:\/\/perissee.fr\/de\/fr\/#\/schema\/logo\/image\/\",\"url\":\"https:\/\/perissee.fr\/wp-content\/uploads\/logo-mountain-dark.png\",\"contentUrl\":\"https:\/\/perissee.fr\/wp-content\/uploads\/logo-mountain-dark.png\",\"width\":190,\"height\":50,\"caption\":\"G\u00eete P\u00e9riss\u00e9 in der Gascogne\"},\"image\":{\"@id\":\"https:\/\/perissee.fr\/de\/fr\/#\/schema\/logo\/image\/\"}}]}<\/script>\n<!-- \/ Yoast SEO plugin. -->","yoast_head_json":{"title":"Home","description":"Willkommen in den \"Coteaux de Bigorre\" Eine Oase der Ruhe! In einem alten, von uns renovierten Bauernhaus, das in den H\u00fcgeln am Fu\u00dfe der Pyren\u00e4en liegt, bieten wir Ihnen zwei helle und ger\u00e4umige Ferienwohnungen in ruhiger Lage. Jede Wohnung hat einen separaten Eingang, Parkpl\u00e4tze, Terrassen mit Grill und Gartenm\u00f6beln. Die Wohnungen haben unterschiedliche Ausrichtungen und&hellip;","robots":{"index":"index","follow":"follow","max-snippet":"max-snippet:-1","max-image-preview":"max-image-preview:large","max-video-preview":"max-video-preview:-1"},"canonical":"Willkommen in den \"Coteaux de Bigorre\" Eine Oase der Ruhe! In einem alten, von uns renovierten Bauernhaus, das in den H\u00fcgeln am Fu\u00dfe der Pyren\u00e4en liegt, bieten wir Ihnen zwei helle und ger\u00e4umige Ferienwohnungen in ruhiger Lage. Jede Wohnung hat einen separaten Eingang, Parkpl\u00e4tze, Terrassen mit Grill und Gartenm\u00f6beln. Die Wohnungen haben unterschiedliche Ausrichtungen und&hellip;","og_locale":"de_DE","og_type":"article","og_title":"Home","og_description":"Willkommen in den \"Coteaux de Bigorre\" Eine Oase der Ruhe! In einem alten, von uns renovierten Bauernhaus, das in den H\u00fcgeln am Fu\u00dfe der Pyren\u00e4en liegt, bieten wir Ihnen zwei helle und ger\u00e4umige Ferienwohnungen in ruhiger Lage. Jede Wohnung hat einen separaten Eingang, Parkpl\u00e4tze, Terrassen mit Grill und Gartenm\u00f6beln. Die Wohnungen haben unterschiedliche Ausrichtungen und&hellip;","og_url":"https:\/\/perissee.fr\/de\/","og_site_name":"G\u00eete P\u00e9riss\u00e9 in der Gascogne","article_modified_time":"2024-08-26T06:52:12+00:00","twitter_card":"summary_large_image","twitter_misc":{"Gesch\u00e4tzte Lesezeit":"2\u00a0Minuten"},"schema":{"@context":"https:\/\/schema.org","@graph":[{"@type":"WebPage","@id":"https:\/\/perissee.fr\/de\/","url":"https:\/\/perissee.fr\/de\/","name":"Accueil - G\u00eete P\u00e9riss\u00e9 in der Gascogne","isPartOf":{"@id":"https:\/\/perissee.fr\/fr\/#website"},"datePublished":"2023-03-15T07:29:03+00:00","dateModified":"2024-08-26T06:52:12+00:00","breadcrumb":{"@id":"https:\/\/perissee.fr\/de\/#breadcrumb"},"inLanguage":"de","potentialAction":[{"@type":"ReadAction","target":["https:\/\/perissee.fr\/de\/"]}]},{"@type":"BreadcrumbList","@id":"https:\/\/perissee.fr\/de\/#breadcrumb","itemListElement":[{"@type":"ListItem","position":1,"name":"Home","item":"https:\/\/perissee.fr\/fr\/"},{"@type":"ListItem","position":2,"name":"Home"}]},{"@type":"WebSite","@id":"https:\/\/perissee.fr\/de\/fr\/#website","url":"https:\/\/perissee.fr\/de\/fr\/","name":"G\u00eete P\u00e9riss\u00e9 in der Gascogne","description":"Besuchen Sie uns in der  Gascogne","publisher":{"@id":"https:\/\/perissee.fr\/de\/fr\/#organization"},"potentialAction":[{"@type":"SearchAction","target":{"@type":"EntryPoint","urlTemplate":"https:\/\/perissee.fr\/de\/fr\/?s={search_term_string}"},"query-input":{"@type":"PropertyValueSpecification","valueRequired":true,"valueName":"search_term_string"}}],"inLanguage":"de"},{"@type":"Organization","@id":"https:\/\/perissee.fr\/de\/fr\/#organization","name":"G\u00eete P\u00e9riss\u00e9 in der Gascogne","url":"https:\/\/perissee.fr\/de\/fr\/","logo":{"@type":"ImageObject","inLanguage":"de","@id":"https:\/\/perissee.fr\/de\/fr\/#\/schema\/logo\/image\/","url":"https:\/\/perissee.fr\/wp-content\/uploads\/logo-mountain-dark.png","contentUrl":"https:\/\/perissee.fr\/wp-content\/uploads\/logo-mountain-dark.png","width":190,"height":50,"caption":"G\u00eete P\u00e9riss\u00e9 in der Gascogne"},"image":{"@id":"https:\/\/perissee.fr\/de\/fr\/#\/schema\/logo\/image\/"}}]}},"uagb_featured_image_src":{"full":false,"thumbnail":false,"medium":false,"medium_large":false,"large":false,"1536x1536":false,"2048x2048":false},"uagb_author_info":{"display_name":"admin","author_link":"https:\/\/perissee.fr\/de\/author\/admin\/"},"uagb_comment_info":0,"uagb_excerpt":"Willkommen in den &#8222;Coteaux de Bigorre&#8220; Eine Oase der Ruhe! In einem alten, von uns renovierten Bauernhaus, das in den H\u00fcgeln am Fu\u00dfe der Pyren\u00e4en liegt, bieten wir Ihnen zwei helle und ger\u00e4umige Ferienwohnungen in ruhiger Lage. Jede Wohnung hat einen separaten Eingang, Parkpl\u00e4tze, Terrassen mit Grill und Gartenm\u00f6beln. Die Wohnungen haben unterschiedliche Ausrichtungen und&hellip;","_links":{"self":[{"href":"https:\/\/perissee.fr\/de\/wp-json\/wp\/v2\/pages\/1181"}],"collection":[{"href":"https:\/\/perissee.fr\/de\/wp-json\/wp\/v2\/pages"}],"about":[{"href":"https:\/\/perissee.fr\/de\/wp-json\/wp\/v2\/types\/page"}],"author":[{"embeddable":true,"href":"https:\/\/perissee.fr\/de\/wp-json\/wp\/v2\/users\/1"}],"replies":[{"embeddable":true,"href":"https:\/\/perissee.fr\/de\/wp-json\/wp\/v2\/comments?post=1181"}],"version-history":[{"count":50,"href":"https:\/\/perissee.fr\/de\/wp-json\/wp\/v2\/pages\/1181\/revisions"}],"predecessor-version":[{"id":2087,"href":"https:\/\/perissee.fr\/de\/wp-json\/wp\/v2\/pages\/1181\/revisions\/2087"}],"wp:attachment":[{"href":"https:\/\/perissee.fr\/de\/wp-json\/wp\/v2\/media?parent=1181"}],"curies":[{"name":"wp","href":"https:\/\/api.w.org\/{rel}","templated":true}]}}