{"id":1184,"date":"2023-03-15T08:49:29","date_gmt":"2023-03-15T07:49:29","guid":{"rendered":"https:\/\/perissee.fr\/wp\/?page_id=1184"},"modified":"2024-08-26T08:52:01","modified_gmt":"2024-08-26T06:52:01","slug":"ueber-uns","status":"publish","type":"page","link":"https:\/\/perissee.fr\/de\/ueber-uns\/","title":{"rendered":"\u00dcber uns"},"content":{"rendered":"\r\n<div class=\"wp-block-uagb-container uagb-block-ecd1b6eb alignfull uagb-is-root-container\">\r\n<h1 class=\"wp-block-heading alignfull has-text-align-center has-ffffff-background-color has-background\" style=\"padding-top:10px;padding-right:10px;padding-bottom:10px;padding-left:10px;font-size:24px;font-style:normal;font-weight:500\">Unser Milleniumsprojekt<\/h1>\r\n\r\n\r\n\r\n<p class=\"has-ffffff-background-color has-background\" style=\"margin-top:0;margin-right:0;margin-bottom:0;margin-left:0\">Im Sommer 2000 kauften wir diesen alten Bauernhof in der Gascogne, am Fu\u00dfe der Pyren\u00e4en, zwischen Atlantik und Mittelmeer. Ein massives Lehmhaus, das in den letzten Jahren leider sehr gelitten hatte, da es schon lange nicht mehr bewohnt wurde und das Dach undicht war. Es wartete also viel Arbeit auf uns.<\/p>\r\n\r\n\r\n\r\n<p class=\"has-ffffff-background-color has-background\">Heute, mehr als 20 Jahre sp\u00e4ter, wurde das Haus von uns komplett renoviert und in zwei unabh\u00e4ngige Ferienwohnungen umgewandelt. Wir wohnen selbst in einem ebenfalls selbst gebauten Strohballenhaus auf demselben Grundst\u00fcck und k\u00fcmmern uns um die Vermietung und den Empfang unserer G\u00e4ste.<\/p>\r\n\r\n\r\n\r\n<p class=\"has-ffffff-background-color has-background\">Wir freuen uns auf Ihren Besuch.<\/p>\r\n\r\n\r\n\r\n<h3 class=\"wp-block-heading has-ffffff-background-color has-background\">Claudia &amp; Dieter<\/h3>\r\n<\/div>\r\n\r\n\r\n\r\n<div class=\"wp-block-uagb-container uagb-block-26401d5c alignwide uagb-is-root-container\">\r\n<div class=\"wp-block-uagb-container uagb-block-3511acfe\">\r\n<h2 class=\"wp-block-heading\" style=\"margin-top:0;margin-right:0;margin-bottom:0;margin-left:0\">Mission<\/h2>\r\n\r\n\r\n\r\n<p style=\"margin-top:0;margin-right:0;margin-bottom:0;margin-left:0;font-size:15px\">Leben auf und von unserem Hof in gr\u00f6\u00dftm\u00f6glicher Autarkie und mit R\u00fccksicht auf die Umwelt. Erzeugung von erneuerbarer Solarenergie f\u00fcr uns, unsere Mobilit\u00e4t und sogar andere Haushalte. Auch das Warmwasser wird von der Sonne erw\u00e4rmt und ist an das Heizsystem angeschlossen. M\u00fclltrennung ist eine Selbstverst\u00e4ndlichkeit und wir verwenden m\u00f6glichst energiesparende Ger\u00e4te.<\/p>\r\n<\/div>\r\n\r\n\r\n\r\n<div class=\"wp-block-uagb-container uagb-block-dcd96a8f\">\r\n<h2 class=\"wp-block-heading\" style=\"margin-top:0;margin-right:0;margin-bottom:0;margin-left:0\">Vision<\/h2>\r\n\r\n\r\n\r\n<p style=\"margin-top:0;margin-right:0;margin-bottom:0;margin-left:0\">Entwicklung hin zu einer Welt ohne fossile Energietr\u00e4ger und mit m\u00f6glichst geringer Abh\u00e4ngigkeit von umweltbelastenden Industrien. Die Welt f\u00fcr zuk\u00fcnftige Generationen erhalten. Diesen Ort sch\u00f6ner hinterlassen, als wir ihn vorgefunden haben, und Menschen und Tieren einen friedlichen Zufluchtsort bieten.<\/p>\r\n<\/div>\r\n\r\n\r\n\r\n<div class=\"wp-block-uagb-container uagb-block-183c0441\">\r\n<h2 class=\"wp-block-heading\" style=\"margin-top:0;margin-right:0;margin-bottom:0;margin-left:0\">Werte<\/h2>\r\n\r\n\r\n\r\n<ul class=\"wp-block-list\">\r\n<li>Nachhaltigkeit &amp; Umweltvertr\u00e4glichkeit<\/li>\r\n\r\n\r\n\r\n<li>Unser Leben dekarbonisieren<\/li>\r\n\r\n\r\n\r\n<li>Biologischer Anbau von Lebensmitteln<\/li>\r\n\r\n\r\n\r\n<li>Reparatur vor Konsum<\/li>\r\n<\/ul>\r\n<\/div>\r\n<\/div>\r\n","protected":false},"excerpt":{"rendered":"<p>Unser Milleniumsprojekt Im Sommer 2000 kauften wir diesen alten Bauernhof in der Gascogne, am Fu\u00dfe der Pyren\u00e4en, zwischen Atlantik und Mittelmeer. Ein massives Lehmhaus, das in den letzten Jahren leider sehr gelitten hatte, da es schon lange nicht mehr bewohnt wurde und das Dach undicht war. Es wartete also viel Arbeit auf uns. Heute, mehr [&hellip;]<\/p>\n","protected":false},"author":1,"featured_media":0,"parent":0,"menu_order":0,"comment_status":"closed","ping_status":"closed","template":"","meta":{"_eb_attr":"","_uag_custom_page_level_css":"","site-sidebar-layout":"default","site-content-layout":"default","ast-site-content-layout":"default","site-content-style":"default","site-sidebar-style":"default","ast-global-header-display":"","ast-banner-title-visibility":"disabled","ast-main-header-display":"","ast-hfb-above-header-display":"","ast-hfb-below-header-display":"","ast-hfb-mobile-header-display":"","site-post-title":"disabled","ast-breadcrumbs-content":"","ast-featured-img":"","footer-sml-layout":"","theme-transparent-header-meta":"disabled","adv-header-id-meta":"","stick-header-meta":"","header-above-stick-meta":"","header-main-stick-meta":"","header-below-stick-meta":"","astra-migrate-meta-layouts":"set","ast-page-background-enabled":"default","ast-page-background-meta":{"desktop":{"background-color":"","background-image":"","background-repeat":"repeat","background-position":"center center","background-size":"auto","background-attachment":"scroll","background-type":"","background-media":"","overlay-type":"","overlay-color":"","overlay-opacity":"","overlay-gradient":""},"tablet":{"background-color":"","background-image":"","background-repeat":"repeat","background-position":"center center","background-size":"auto","background-attachment":"scroll","background-type":"","background-media":"","overlay-type":"","overlay-color":"","overlay-opacity":"","overlay-gradient":""},"mobile":{"background-color":"","background-image":"","background-repeat":"repeat","background-position":"center center","background-size":"auto","background-attachment":"scroll","background-type":"","background-media":"","overlay-type":"","overlay-color":"","overlay-opacity":"","overlay-gradient":""}},"ast-content-background-meta":{"desktop":{"background-color":"var(--ast-global-color-5)","background-image":"","background-repeat":"repeat","background-position":"center center","background-size":"auto","background-attachment":"scroll","background-type":"","background-media":"","overlay-type":"","overlay-color":"","overlay-opacity":"","overlay-gradient":""},"tablet":{"background-color":"var(--ast-global-color-5)","background-image":"","background-repeat":"repeat","background-position":"center center","background-size":"auto","background-attachment":"scroll","background-type":"","background-media":"","overlay-type":"","overlay-color":"","overlay-opacity":"","overlay-gradient":""},"mobile":{"background-color":"var(--ast-global-color-5)","background-image":"","background-repeat":"repeat","background-position":"center center","background-size":"auto","background-attachment":"scroll","background-type":"","background-media":"","overlay-type":"","overlay-color":"","overlay-opacity":"","overlay-gradient":""}},"footnotes":""},"class_list":["post-1184","page","type-page","status-publish","hentry"],"yoast_head":"<!-- This site is optimized with the Yoast SEO plugin v24.6 - https:\/\/yoast.com\/wordpress\/plugins\/seo\/ -->\n<title>\u00dcber uns<\/title>\n<meta name=\"description\" content=\"Unser Milleniumsprojekt Im Sommer 2000 kauften wir diesen alten Bauernhof in der Gascogne, am Fu\u00dfe der Pyren\u00e4en, zwischen Atlantik und Mittelmeer. Ein massives Lehmhaus, das in den letzten Jahren leider sehr gelitten hatte, da es schon lange nicht mehr bewohnt wurde und das Dach undicht war. Es wartete also viel Arbeit auf uns. Heute, mehr&hellip;\" \/>\n<meta name=\"robots\" content=\"index, follow, max-snippet:-1, max-image-preview:large, max-video-preview:-1\" \/>\n<link rel=\"canonical\" href=\"http:\/\/Unser%20Milleniumsprojekt%20Im%20Sommer%202000%20kauften%20wir%20diesen%20alten%20Bauernhof%20in%20der%20Gascogne,%20am%20Fu\u00dfe%20der%20Pyren\u00e4en,%20zwischen%20Atlantik%20und%20Mittelmeer.%20Ein%20massives%20Lehmhaus,%20das%20in%20den%20letzten%20Jahren%20leider%20sehr%20gelitten%20hatte,%20da%20es%20schon%20lange%20nicht%20mehr%20bewohnt%20wurde%20und%20das%20Dach%20undicht%20war.%20Es%20wartete%20also%20viel%20Arbeit%20auf%20uns.%20Heute,%20mehr&hellip;\" \/>\n<meta property=\"og:locale\" content=\"de_DE\" \/>\n<meta property=\"og:type\" content=\"article\" \/>\n<meta property=\"og:title\" content=\"\u00dcber uns\" \/>\n<meta property=\"og:description\" content=\"Unser Milleniumsprojekt Im Sommer 2000 kauften wir diesen alten Bauernhof in der Gascogne, am Fu\u00dfe der Pyren\u00e4en, zwischen Atlantik und Mittelmeer. Ein massives Lehmhaus, das in den letzten Jahren leider sehr gelitten hatte, da es schon lange nicht mehr bewohnt wurde und das Dach undicht war. Es wartete also viel Arbeit auf uns. Heute, mehr&hellip;\" \/>\n<meta property=\"og:url\" content=\"https:\/\/perissee.fr\/de\/ueber-uns\/\" \/>\n<meta property=\"og:site_name\" content=\"G\u00eete P\u00e9riss\u00e9 in der Gascogne\" \/>\n<meta property=\"article:modified_time\" content=\"2024-08-26T06:52:01+00:00\" \/>\n<meta name=\"twitter:card\" content=\"summary_large_image\" \/>\n<meta name=\"twitter:label1\" content=\"Gesch\u00e4tzte Lesezeit\" \/>\n\t<meta name=\"twitter:data1\" content=\"2\u00a0Minuten\" \/>\n<script type=\"application\/ld+json\" class=\"yoast-schema-graph\">{\"@context\":\"https:\/\/schema.org\",\"@graph\":[{\"@type\":\"WebPage\",\"@id\":\"https:\/\/perissee.fr\/de\/ueber-uns\/\",\"url\":\"https:\/\/perissee.fr\/de\/ueber-uns\/\",\"name\":\"\u00c0 propos - G\u00eete P\u00e9riss\u00e9 in der Gascogne\",\"isPartOf\":{\"@id\":\"https:\/\/perissee.fr\/fr\/#website\"},\"datePublished\":\"2023-03-15T07:49:29+00:00\",\"dateModified\":\"2024-08-26T06:52:01+00:00\",\"breadcrumb\":{\"@id\":\"https:\/\/perissee.fr\/de\/ueber-uns\/#breadcrumb\"},\"inLanguage\":\"de\",\"potentialAction\":[{\"@type\":\"ReadAction\",\"target\":[\"https:\/\/perissee.fr\/de\/ueber-uns\/\"]}]},{\"@type\":\"BreadcrumbList\",\"@id\":\"https:\/\/perissee.fr\/de\/ueber-uns\/#breadcrumb\",\"itemListElement\":[{\"@type\":\"ListItem\",\"position\":1,\"name\":\"Home\",\"item\":\"https:\/\/perissee.fr\/fr\/\"},{\"@type\":\"ListItem\",\"position\":2,\"name\":\"\u00dcber uns\"}]},{\"@type\":\"WebSite\",\"@id\":\"https:\/\/perissee.fr\/de\/fr\/#website\",\"url\":\"https:\/\/perissee.fr\/de\/fr\/\",\"name\":\"G\u00eete P\u00e9riss\u00e9 in der Gascogne\",\"description\":\"Besuchen Sie uns in der  Gascogne\",\"publisher\":{\"@id\":\"https:\/\/perissee.fr\/de\/fr\/#organization\"},\"potentialAction\":[{\"@type\":\"SearchAction\",\"target\":{\"@type\":\"EntryPoint\",\"urlTemplate\":\"https:\/\/perissee.fr\/de\/fr\/?s={search_term_string}\"},\"query-input\":{\"@type\":\"PropertyValueSpecification\",\"valueRequired\":true,\"valueName\":\"search_term_string\"}}],\"inLanguage\":\"de\"},{\"@type\":\"Organization\",\"@id\":\"https:\/\/perissee.fr\/de\/fr\/#organization\",\"name\":\"G\u00eete P\u00e9riss\u00e9 in der Gascogne\",\"url\":\"https:\/\/perissee.fr\/de\/fr\/\",\"logo\":{\"@type\":\"ImageObject\",\"inLanguage\":\"de\",\"@id\":\"https:\/\/perissee.fr\/de\/fr\/#\/schema\/logo\/image\/\",\"url\":\"https:\/\/perissee.fr\/wp-content\/uploads\/logo-mountain-dark.png\",\"contentUrl\":\"https:\/\/perissee.fr\/wp-content\/uploads\/logo-mountain-dark.png\",\"width\":190,\"height\":50,\"caption\":\"G\u00eete P\u00e9riss\u00e9 in der Gascogne\"},\"image\":{\"@id\":\"https:\/\/perissee.fr\/de\/fr\/#\/schema\/logo\/image\/\"}}]}<\/script>\n<!-- \/ Yoast SEO plugin. -->","yoast_head_json":{"title":"\u00dcber uns","description":"Unser Milleniumsprojekt Im Sommer 2000 kauften wir diesen alten Bauernhof in der Gascogne, am Fu\u00dfe der Pyren\u00e4en, zwischen Atlantik und Mittelmeer. Ein massives Lehmhaus, das in den letzten Jahren leider sehr gelitten hatte, da es schon lange nicht mehr bewohnt wurde und das Dach undicht war. Es wartete also viel Arbeit auf uns. Heute, mehr&hellip;","robots":{"index":"index","follow":"follow","max-snippet":"max-snippet:-1","max-image-preview":"max-image-preview:large","max-video-preview":"max-video-preview:-1"},"canonical":"Unser Milleniumsprojekt Im Sommer 2000 kauften wir diesen alten Bauernhof in der Gascogne, am Fu\u00dfe der Pyren\u00e4en, zwischen Atlantik und Mittelmeer. Ein massives Lehmhaus, das in den letzten Jahren leider sehr gelitten hatte, da es schon lange nicht mehr bewohnt wurde und das Dach undicht war. Es wartete also viel Arbeit auf uns. Heute, mehr&hellip;","og_locale":"de_DE","og_type":"article","og_title":"\u00dcber uns","og_description":"Unser Milleniumsprojekt Im Sommer 2000 kauften wir diesen alten Bauernhof in der Gascogne, am Fu\u00dfe der Pyren\u00e4en, zwischen Atlantik und Mittelmeer. Ein massives Lehmhaus, das in den letzten Jahren leider sehr gelitten hatte, da es schon lange nicht mehr bewohnt wurde und das Dach undicht war. Es wartete also viel Arbeit auf uns. Heute, mehr&hellip;","og_url":"https:\/\/perissee.fr\/de\/ueber-uns\/","og_site_name":"G\u00eete P\u00e9riss\u00e9 in der Gascogne","article_modified_time":"2024-08-26T06:52:01+00:00","twitter_card":"summary_large_image","twitter_misc":{"Gesch\u00e4tzte Lesezeit":"2\u00a0Minuten"},"schema":{"@context":"https:\/\/schema.org","@graph":[{"@type":"WebPage","@id":"https:\/\/perissee.fr\/de\/ueber-uns\/","url":"https:\/\/perissee.fr\/de\/ueber-uns\/","name":"\u00c0 propos - G\u00eete P\u00e9riss\u00e9 in der Gascogne","isPartOf":{"@id":"https:\/\/perissee.fr\/fr\/#website"},"datePublished":"2023-03-15T07:49:29+00:00","dateModified":"2024-08-26T06:52:01+00:00","breadcrumb":{"@id":"https:\/\/perissee.fr\/de\/ueber-uns\/#breadcrumb"},"inLanguage":"de","potentialAction":[{"@type":"ReadAction","target":["https:\/\/perissee.fr\/de\/ueber-uns\/"]}]},{"@type":"BreadcrumbList","@id":"https:\/\/perissee.fr\/de\/ueber-uns\/#breadcrumb","itemListElement":[{"@type":"ListItem","position":1,"name":"Home","item":"https:\/\/perissee.fr\/fr\/"},{"@type":"ListItem","position":2,"name":"\u00dcber uns"}]},{"@type":"WebSite","@id":"https:\/\/perissee.fr\/de\/fr\/#website","url":"https:\/\/perissee.fr\/de\/fr\/","name":"G\u00eete P\u00e9riss\u00e9 in der Gascogne","description":"Besuchen Sie uns in der  Gascogne","publisher":{"@id":"https:\/\/perissee.fr\/de\/fr\/#organization"},"potentialAction":[{"@type":"SearchAction","target":{"@type":"EntryPoint","urlTemplate":"https:\/\/perissee.fr\/de\/fr\/?s={search_term_string}"},"query-input":{"@type":"PropertyValueSpecification","valueRequired":true,"valueName":"search_term_string"}}],"inLanguage":"de"},{"@type":"Organization","@id":"https:\/\/perissee.fr\/de\/fr\/#organization","name":"G\u00eete P\u00e9riss\u00e9 in der Gascogne","url":"https:\/\/perissee.fr\/de\/fr\/","logo":{"@type":"ImageObject","inLanguage":"de","@id":"https:\/\/perissee.fr\/de\/fr\/#\/schema\/logo\/image\/","url":"https:\/\/perissee.fr\/wp-content\/uploads\/logo-mountain-dark.png","contentUrl":"https:\/\/perissee.fr\/wp-content\/uploads\/logo-mountain-dark.png","width":190,"height":50,"caption":"G\u00eete P\u00e9riss\u00e9 in der Gascogne"},"image":{"@id":"https:\/\/perissee.fr\/de\/fr\/#\/schema\/logo\/image\/"}}]}},"uagb_featured_image_src":{"full":false,"thumbnail":false,"medium":false,"medium_large":false,"large":false,"1536x1536":false,"2048x2048":false},"uagb_author_info":{"display_name":"admin","author_link":"https:\/\/perissee.fr\/de\/author\/admin\/"},"uagb_comment_info":0,"uagb_excerpt":"Unser Milleniumsprojekt Im Sommer 2000 kauften wir diesen alten Bauernhof in der Gascogne, am Fu\u00dfe der Pyren\u00e4en, zwischen Atlantik und Mittelmeer. Ein massives Lehmhaus, das in den letzten Jahren leider sehr gelitten hatte, da es schon lange nicht mehr bewohnt wurde und das Dach undicht war. Es wartete also viel Arbeit auf uns. Heute, mehr&hellip;","_links":{"self":[{"href":"https:\/\/perissee.fr\/de\/wp-json\/wp\/v2\/pages\/1184"}],"collection":[{"href":"https:\/\/perissee.fr\/de\/wp-json\/wp\/v2\/pages"}],"about":[{"href":"https:\/\/perissee.fr\/de\/wp-json\/wp\/v2\/types\/page"}],"author":[{"embeddable":true,"href":"https:\/\/perissee.fr\/de\/wp-json\/wp\/v2\/users\/1"}],"replies":[{"embeddable":true,"href":"https:\/\/perissee.fr\/de\/wp-json\/wp\/v2\/comments?post=1184"}],"version-history":[{"count":34,"href":"https:\/\/perissee.fr\/de\/wp-json\/wp\/v2\/pages\/1184\/revisions"}],"predecessor-version":[{"id":2083,"href":"https:\/\/perissee.fr\/de\/wp-json\/wp\/v2\/pages\/1184\/revisions\/2083"}],"wp:attachment":[{"href":"https:\/\/perissee.fr\/de\/wp-json\/wp\/v2\/media?parent=1184"}],"curies":[{"name":"wp","href":"https:\/\/api.w.org\/{rel}","templated":true}]}}