{"id":1181,"date":"2023-03-15T08:29:03","date_gmt":"2023-03-15T07:29:03","guid":{"rendered":"https:\/\/perissee.fr\/wp\/?page_id=1181"},"modified":"2024-08-26T08:52:12","modified_gmt":"2024-08-26T06:52:12","slug":"home","status":"publish","type":"page","link":"https:\/\/perissee.fr\/en\/","title":{"rendered":"Home"},"content":{"rendered":"\r\n<div class=\"wp-block-uagb-container uagb-block-beeaa9bb alignfull uagb-is-root-container\">\r\n<div class=\"uagb-container-inner-blocks-wrap\">\r\n\r\n\r\n<h2 class=\"wp-block-heading has-text-align-center\" style=\"font-style: normal; font-weight: 600; padding: 0;\">Welcome in Gasconny<\/h2>\r\n\r\n\r\n<p style=\"font-size: 16px; line-height: 1.8;\">A haven of peace! In an old farmhouse we\u2019ve renovated ourselves, set in the hills facing the Pyrenees, we offer two bright, spacious apartments in a quiet location, each with a separate entrance, parking spaces, terraces with barbecue and garden furniture. The apartments have different orientations and private garden areas. Reservations are possible via the two sites of each apartment.<\/p>\r\n\r\n\n<div class=\"wp-block-uagb-container uagb-block-bf03a61d\">\n<figure class=\"wp-block-image aligncenter is-resized\" id=\"kleine-G\u00eete\"><a href=\"https:\/\/perissee.fr\/petit-gite\/\"><img loading=\"lazy\" decoding=\"async\" src=\"https:\/\/perissee.fr\/wp-content\/uploads\/kleineGite.jpg\" alt=\"\" class=\"wp-image-388\" width=\"480\" height=\"360\" srcset=\"https:\/\/perissee.fr\/wp-content\/uploads\/kleineGite.jpg 640w, https:\/\/perissee.fr\/wp-content\/uploads\/kleineGite-300x225.jpg 300w\" sizes=\"(max-width: 480px) 100vw, 480px\" \/><\/a><figcaption class=\"wp-element-caption\"><strong>Le petit G\u00eete<\/strong><\/figcaption><\/figure>\n\n\n\n<figure class=\"wp-block-image aligncenter size-large is-resized is-style-default\" id=\"grosse-G\u00eete\"><a href=\"https:\/\/perissee.fr\/grand-gite\/\" target=\"_blank\" rel=\"noreferrer noopener\"><img loading=\"lazy\" decoding=\"async\" src=\"https:\/\/perissee.fr\/wp-content\/uploads\/kastanie-1024x768.jpg\" alt=\"\" class=\"wp-image-387\" width=\"480\" height=\"360\" srcset=\"https:\/\/perissee.fr\/wp-content\/uploads\/kastanie-1024x768.jpg 1024w, https:\/\/perissee.fr\/wp-content\/uploads\/kastanie-300x225.jpg 300w, https:\/\/perissee.fr\/wp-content\/uploads\/kastanie-768x576.jpg 768w, https:\/\/perissee.fr\/wp-content\/uploads\/kastanie-1536x1152.jpg 1536w, https:\/\/perissee.fr\/wp-content\/uploads\/kastanie.jpg 1600w\" sizes=\"(max-width: 480px) 100vw, 480px\" \/><\/a><figcaption class=\"wp-element-caption\"><strong>Le grand G\u00eete<\/strong><\/figcaption><\/figure>\n<\/div>\n\r\n\r\n<ul class=\"has-ast-global-color-6-color has-text-color has-link-color wp-block-list wp-elements-75e3b207537a8bbc3d847fa99b1861f9\" style=\"line-height: 2;\">\r\n \t<li style=\"list-style-type: none;\">\r\n<ul class=\"has-ast-global-color-6-color has-text-color has-link-color\" style=\"line-height: 2;\">\r\n \t<li style=\"line-height: 1.8;\">Around 1 km away is the Lac de Puydarrieux, protected by Natura2000, which provides winter shelter for many species of birds. The house is not far from a small village and three small towns (<a href=\"http:\/\/fmaquaire.free.fr\/\" target=\"_blank\" rel=\"noreferrer noopener\">Galan<\/a>, <a href=\"http:\/\/triesurbaise.com\" target=\"_blank\" rel=\"noreferrer noopener\">Trie sur Baise<\/a> et <a href=\"https:\/\/www.castelnaumagnoac.fr\/\" target=\"_blank\" rel=\"noreferrer noopener\">Castelnau Magnoac<\/a>) with attractive weekly markets are within easy reach. In Galan (4 km), there\u2019s a small grocery store, a bar, a bakery and a butcher\u2019s shop, and 2 restaurants.<\/li>\r\n \t<li>Nearest bathing place: Castelnau Magnoac (bathing lake) approx. 9 km<\/li>\r\n<\/ul>\r\n<\/li>\r\n<\/ul>\r\n\r\n\r\n<ul class=\"has-ast-global-color-6-color has-text-color has-link-color\" style=\"line-height: 2;\">\r\n \t<li style=\"list-style-type: none;\">\r\n<ul class=\"has-ast-global-color-6-color has-text-color has-link-color\" style=\"line-height: 2;\">\r\n \t<li style=\"line-height: 1.8;\">There are numerous hiking trails in the immediate vicinity, and hiking maps are available in the g\u00eetes. The Pyrenees (Vall\u00e9e d\u2019Aure) can be reached in half an hour by car.<\/li>\r\n<\/ul>\r\n<\/li>\r\n<\/ul>\r\n\r\n\r\n<ul class=\"has-ast-global-color-6-color has-text-color has-link-color\" style=\"line-height: 2;\">\r\n \t<li style=\"list-style-type: none;\">\r\n<ul class=\"has-ast-global-color-6-color has-text-color has-link-color\" style=\"line-height: 2;\">\r\n \t<li style=\"list-style-type: none;\">\r\n<ul class=\"has-ast-global-color-6-color has-text-color has-link-color\" style=\"line-height: 2;\">\r\n \t<li style=\"line-height: 1.8;\">Bike\/motorcycle tours are also a great pleasure here, thanks to the low level of traffic. It\u2019s particularly pleasant with a Pedelec, as the hilly landscape can be discovered effortlessly. We also offer GPS tracks of our own routes and are happy to help you choose your own discovery tours.<\/li>\r\n<\/ul>\r\n<\/li>\r\n<\/ul>\r\n\r\n\r\n<ul class=\"has-ast-global-color-6-color has-text-color has-link-color\" style=\"line-height: 2;\">\r\n \t<li style=\"list-style-type: none;\">\r\n<ul class=\"has-ast-global-color-6-color has-text-color has-link-color\" style=\"line-height: 2;\">\r\n \t<li style=\"line-height: 1.8;\">Un excellent restaurant \u00e9toil\u00e9 Michelin (<a href=\"http:\/\/sandikala.com\" target=\"_blank\" rel=\"noreferrer noopener\">Sandikala<\/a>) est \u00e0 5 km, ainsi que quelques bonnes &#8216;<a href=\"http:\/\/ferme-auberge-du-lac.fr\" target=\"_blank\" rel=\"noreferrer noopener\">Fermes Auberges<\/a>&#8216;.<\/li>\r\n<\/ul>\r\n<\/li>\r\n<\/ul>\r\n\r\n\r\n<ul class=\"has-ast-global-color-6-color has-text-color has-link-color\" style=\"line-height: 2;\">\r\n \t<li style=\"list-style-type: none;\">\r\n<ul class=\"has-ast-global-color-6-color has-text-color has-link-color\" style=\"line-height: 2;\">\r\n \t<li style=\"line-height: 1.8;\">En \u00e9t\u00e9, vous pouvez assister \u00e0 des festivals c\u00e9l\u00e8bres :<\/li>\r\n<\/ul>\r\n<\/li>\r\n<\/ul>\r\n\r\n\r\n<ul class=\"has-ast-global-color-6-color has-text-color has-link-color\" style=\"line-height: 2;\">\r\n \t<li style=\"list-style-type: none;\">\r\n<ul class=\"has-ast-global-color-6-color has-text-color has-link-color\" style=\"line-height: 2;\">\r\n \t<li>Festival&nbsp;<a href=\"http:\/\/www.tempo-latino.com\/\" target=\"_blank\" rel=\"noreferrer noopener\">Tempo Latino&nbsp;<\/a>\u00e0 Vic-Fezensac&nbsp; ;<\/li>\r\n<\/ul>\r\n<\/li>\r\n<\/ul>\r\n\r\n\r\n<ul class=\"has-ast-global-color-6-color has-text-color has-link-color\" style=\"line-height: 2;\">\r\n \t<li style=\"list-style-type: none;\">\r\n<ul class=\"has-ast-global-color-6-color has-text-color has-link-color\" style=\"line-height: 2;\">\r\n \t<li><a href=\"http:\/\/www.country-musique.com\/\" target=\"_blank\" rel=\"noreferrer noopener\">Countryfestival<\/a>&nbsp;\u00e0 Mirande<\/li>\r\n<\/ul>\r\n<\/li>\r\n<\/ul>\r\n\r\n\r\n<ul class=\"has-ast-global-color-6-color has-text-color has-link-color\" style=\"line-height: 2;\">\r\n \t<li style=\"list-style-type: none;\">\r\n<ul class=\"has-ast-global-color-6-color has-text-color has-link-color\" style=\"line-height: 2;\">\r\n \t<li><a href=\"http:\/\/jazzinmarciac.com\" target=\"_blank\" rel=\"noreferrer noopener\">Festival de Jazz <\/a>\u00e0 Marciac<\/li>\r\n<\/ul>\r\n<\/li>\r\n<\/ul>\r\n\r\n\r\n\r\n\r\n<p class=\"has-ast-global-color-6-color has-text-color has-link-color wp-elements-0be4fa2430e43fa9cbb6336064d428fa\">&nbsp;<\/p>\r\n\r\n\r\n<\/div>\r\n<\/div>\r\n","protected":false},"excerpt":{"rendered":"<p>Welcome in Gasconny A haven of peace! In an old farmhouse we\u2019ve renovated ourselves, set in the hills facing the Pyrenees, we offer two bright, spacious apartments in a quiet location, each with a separate entrance, parking spaces, terraces with barbecue and garden furniture. The apartments have different orientations and private garden areas. Reservations are [&hellip;]<\/p>\n","protected":false},"author":1,"featured_media":0,"parent":0,"menu_order":0,"comment_status":"closed","ping_status":"closed","template":"","meta":{"_eb_attr":"","_uag_custom_page_level_css":"","site-sidebar-layout":"default","site-content-layout":"","ast-site-content-layout":"default","site-content-style":"default","site-sidebar-style":"default","ast-global-header-display":"","ast-banner-title-visibility":"","ast-main-header-display":"","ast-hfb-above-header-display":"","ast-hfb-below-header-display":"","ast-hfb-mobile-header-display":"","site-post-title":"disabled","ast-breadcrumbs-content":"","ast-featured-img":"","footer-sml-layout":"","theme-transparent-header-meta":"","adv-header-id-meta":"","stick-header-meta":"","header-above-stick-meta":"","header-main-stick-meta":"","header-below-stick-meta":"","astra-migrate-meta-layouts":"set","ast-page-background-enabled":"default","ast-page-background-meta":{"desktop":{"background-color":"","background-image":"","background-repeat":"repeat","background-position":"center center","background-size":"auto","background-attachment":"scroll","background-type":"","background-media":"","overlay-type":"","overlay-color":"","overlay-opacity":"","overlay-gradient":""},"tablet":{"background-color":"","background-image":"","background-repeat":"repeat","background-position":"center center","background-size":"auto","background-attachment":"scroll","background-type":"","background-media":"","overlay-type":"","overlay-color":"","overlay-opacity":"","overlay-gradient":""},"mobile":{"background-color":"","background-image":"","background-repeat":"repeat","background-position":"center center","background-size":"auto","background-attachment":"scroll","background-type":"","background-media":"","overlay-type":"","overlay-color":"","overlay-opacity":"","overlay-gradient":""}},"ast-content-background-meta":{"desktop":{"background-color":"var(--ast-global-color-5)","background-image":"","background-repeat":"repeat","background-position":"center center","background-size":"auto","background-attachment":"scroll","background-type":"","background-media":"","overlay-type":"","overlay-color":"","overlay-opacity":"","overlay-gradient":""},"tablet":{"background-color":"var(--ast-global-color-5)","background-image":"","background-repeat":"repeat","background-position":"center center","background-size":"auto","background-attachment":"scroll","background-type":"","background-media":"","overlay-type":"","overlay-color":"","overlay-opacity":"","overlay-gradient":""},"mobile":{"background-color":"var(--ast-global-color-5)","background-image":"","background-repeat":"repeat","background-position":"center center","background-size":"auto","background-attachment":"scroll","background-type":"","background-media":"","overlay-type":"","overlay-color":"","overlay-opacity":"","overlay-gradient":""}},"footnotes":""},"class_list":["post-1181","page","type-page","status-publish","hentry"],"yoast_head":"<!-- This site is optimized with the Yoast SEO plugin v24.6 - https:\/\/yoast.com\/wordpress\/plugins\/seo\/ -->\n<title>Home<\/title>\n<meta name=\"description\" content=\"Welcome in Gasconny A haven of peace! In an old farmhouse we\u2019ve renovated ourselves, set in the hills facing the Pyrenees, we offer two bright, spacious apartments in a quiet location, each with a separate entrance, parking spaces, terraces with barbecue and garden furniture. The apartments have different orientations and private garden areas. Reservations are&hellip;\" \/>\n<meta name=\"robots\" content=\"index, follow, max-snippet:-1, max-image-preview:large, max-video-preview:-1\" \/>\n<link rel=\"canonical\" href=\"http:\/\/Welcome%20in%20Gasconny%20A%20haven%20of%20peace!%20In%20an%20old%20farmhouse%20we\u2019ve%20renovated%20ourselves,%20set%20in%20the%20hills%20facing%20the%20Pyrenees,%20we%20offer%20two%20bright,%20spacious%20apartments%20in%20a%20quiet%20location,%20each%20with%20a%20separate%20entrance,%20parking%20spaces,%20terraces%20with%20barbecue%20and%20garden%20furniture.%20The%20apartments%20have%20different%20orientations%20and%20private%20garden%20areas.%20Reservations%20are&hellip;\" \/>\n<meta property=\"og:locale\" content=\"en_US\" \/>\n<meta property=\"og:type\" content=\"article\" \/>\n<meta property=\"og:title\" content=\"Home\" \/>\n<meta property=\"og:description\" content=\"Welcome in Gasconny A haven of peace! In an old farmhouse we\u2019ve renovated ourselves, set in the hills facing the Pyrenees, we offer two bright, spacious apartments in a quiet location, each with a separate entrance, parking spaces, terraces with barbecue and garden furniture. The apartments have different orientations and private garden areas. Reservations are&hellip;\" \/>\n<meta property=\"og:url\" content=\"https:\/\/perissee.fr\/en\/\" \/>\n<meta property=\"og:site_name\" content=\"Holiday home P\u00e9riss\u00e9 in Gasconny\" \/>\n<meta property=\"article:modified_time\" content=\"2024-08-26T06:52:12+00:00\" \/>\n<meta name=\"twitter:card\" content=\"summary_large_image\" \/>\n<meta name=\"twitter:label1\" content=\"Est. reading time\" \/>\n\t<meta name=\"twitter:data1\" content=\"2 minutes\" \/>\n<script type=\"application\/ld+json\" class=\"yoast-schema-graph\">{\"@context\":\"https:\/\/schema.org\",\"@graph\":[{\"@type\":\"WebPage\",\"@id\":\"https:\/\/perissee.fr\/en\/\",\"url\":\"https:\/\/perissee.fr\/en\/\",\"name\":\"Accueil - Holiday home P\u00e9riss\u00e9 in Gasconny\",\"isPartOf\":{\"@id\":\"https:\/\/perissee.fr\/fr\/#website\"},\"datePublished\":\"2023-03-15T07:29:03+00:00\",\"dateModified\":\"2024-08-26T06:52:12+00:00\",\"breadcrumb\":{\"@id\":\"https:\/\/perissee.fr\/en\/#breadcrumb\"},\"inLanguage\":\"en-US\",\"potentialAction\":[{\"@type\":\"ReadAction\",\"target\":[\"https:\/\/perissee.fr\/en\/\"]}]},{\"@type\":\"BreadcrumbList\",\"@id\":\"https:\/\/perissee.fr\/en\/#breadcrumb\",\"itemListElement\":[{\"@type\":\"ListItem\",\"position\":1,\"name\":\"Home\",\"item\":\"https:\/\/perissee.fr\/fr\/\"},{\"@type\":\"ListItem\",\"position\":2,\"name\":\"Home\"}]},{\"@type\":\"WebSite\",\"@id\":\"https:\/\/perissee.fr\/en\/fr\/#website\",\"url\":\"https:\/\/perissee.fr\/en\/fr\/\",\"name\":\"Holiday home P\u00e9riss\u00e9 in Gasconny\",\"description\":\"Visit us in Gasconny\",\"publisher\":{\"@id\":\"https:\/\/perissee.fr\/en\/fr\/#organization\"},\"potentialAction\":[{\"@type\":\"SearchAction\",\"target\":{\"@type\":\"EntryPoint\",\"urlTemplate\":\"https:\/\/perissee.fr\/en\/fr\/?s={search_term_string}\"},\"query-input\":{\"@type\":\"PropertyValueSpecification\",\"valueRequired\":true,\"valueName\":\"search_term_string\"}}],\"inLanguage\":\"en-US\"},{\"@type\":\"Organization\",\"@id\":\"https:\/\/perissee.fr\/en\/fr\/#organization\",\"name\":\"Holiday home P\u00e9riss\u00e9 in Gasconny\",\"url\":\"https:\/\/perissee.fr\/en\/fr\/\",\"logo\":{\"@type\":\"ImageObject\",\"inLanguage\":\"en-US\",\"@id\":\"https:\/\/perissee.fr\/en\/fr\/#\/schema\/logo\/image\/\",\"url\":\"https:\/\/perissee.fr\/wp-content\/uploads\/logo-mountain-dark.png\",\"contentUrl\":\"https:\/\/perissee.fr\/wp-content\/uploads\/logo-mountain-dark.png\",\"width\":190,\"height\":50,\"caption\":\"Holiday home P\u00e9riss\u00e9 in Gasconny\"},\"image\":{\"@id\":\"https:\/\/perissee.fr\/en\/fr\/#\/schema\/logo\/image\/\"}}]}<\/script>\n<!-- \/ Yoast SEO plugin. -->","yoast_head_json":{"title":"Home","description":"Welcome in Gasconny A haven of peace! In an old farmhouse we\u2019ve renovated ourselves, set in the hills facing the Pyrenees, we offer two bright, spacious apartments in a quiet location, each with a separate entrance, parking spaces, terraces with barbecue and garden furniture. The apartments have different orientations and private garden areas. Reservations are&hellip;","robots":{"index":"index","follow":"follow","max-snippet":"max-snippet:-1","max-image-preview":"max-image-preview:large","max-video-preview":"max-video-preview:-1"},"canonical":"Welcome in Gasconny A haven of peace! In an old farmhouse we\u2019ve renovated ourselves, set in the hills facing the Pyrenees, we offer two bright, spacious apartments in a quiet location, each with a separate entrance, parking spaces, terraces with barbecue and garden furniture. The apartments have different orientations and private garden areas. Reservations are&hellip;","og_locale":"en_US","og_type":"article","og_title":"Home","og_description":"Welcome in Gasconny A haven of peace! In an old farmhouse we\u2019ve renovated ourselves, set in the hills facing the Pyrenees, we offer two bright, spacious apartments in a quiet location, each with a separate entrance, parking spaces, terraces with barbecue and garden furniture. The apartments have different orientations and private garden areas. Reservations are&hellip;","og_url":"https:\/\/perissee.fr\/en\/","og_site_name":"Holiday home P\u00e9riss\u00e9 in Gasconny","article_modified_time":"2024-08-26T06:52:12+00:00","twitter_card":"summary_large_image","twitter_misc":{"Est. reading time":"2 minutes"},"schema":{"@context":"https:\/\/schema.org","@graph":[{"@type":"WebPage","@id":"https:\/\/perissee.fr\/en\/","url":"https:\/\/perissee.fr\/en\/","name":"Accueil - Holiday home P\u00e9riss\u00e9 in Gasconny","isPartOf":{"@id":"https:\/\/perissee.fr\/fr\/#website"},"datePublished":"2023-03-15T07:29:03+00:00","dateModified":"2024-08-26T06:52:12+00:00","breadcrumb":{"@id":"https:\/\/perissee.fr\/en\/#breadcrumb"},"inLanguage":"en-US","potentialAction":[{"@type":"ReadAction","target":["https:\/\/perissee.fr\/en\/"]}]},{"@type":"BreadcrumbList","@id":"https:\/\/perissee.fr\/en\/#breadcrumb","itemListElement":[{"@type":"ListItem","position":1,"name":"Home","item":"https:\/\/perissee.fr\/fr\/"},{"@type":"ListItem","position":2,"name":"Home"}]},{"@type":"WebSite","@id":"https:\/\/perissee.fr\/en\/fr\/#website","url":"https:\/\/perissee.fr\/en\/fr\/","name":"Holiday home P\u00e9riss\u00e9 in Gasconny","description":"Visit us in Gasconny","publisher":{"@id":"https:\/\/perissee.fr\/en\/fr\/#organization"},"potentialAction":[{"@type":"SearchAction","target":{"@type":"EntryPoint","urlTemplate":"https:\/\/perissee.fr\/en\/fr\/?s={search_term_string}"},"query-input":{"@type":"PropertyValueSpecification","valueRequired":true,"valueName":"search_term_string"}}],"inLanguage":"en-US"},{"@type":"Organization","@id":"https:\/\/perissee.fr\/en\/fr\/#organization","name":"Holiday home P\u00e9riss\u00e9 in Gasconny","url":"https:\/\/perissee.fr\/en\/fr\/","logo":{"@type":"ImageObject","inLanguage":"en-US","@id":"https:\/\/perissee.fr\/en\/fr\/#\/schema\/logo\/image\/","url":"https:\/\/perissee.fr\/wp-content\/uploads\/logo-mountain-dark.png","contentUrl":"https:\/\/perissee.fr\/wp-content\/uploads\/logo-mountain-dark.png","width":190,"height":50,"caption":"Holiday home P\u00e9riss\u00e9 in Gasconny"},"image":{"@id":"https:\/\/perissee.fr\/en\/fr\/#\/schema\/logo\/image\/"}}]}},"uagb_featured_image_src":{"full":false,"thumbnail":false,"medium":false,"medium_large":false,"large":false,"1536x1536":false,"2048x2048":false},"uagb_author_info":{"display_name":"admin","author_link":"https:\/\/perissee.fr\/en\/author\/admin\/"},"uagb_comment_info":0,"uagb_excerpt":"Welcome in Gasconny A haven of peace! In an old farmhouse we\u2019ve renovated ourselves, set in the hills facing the Pyrenees, we offer two bright, spacious apartments in a quiet location, each with a separate entrance, parking spaces, terraces with barbecue and garden furniture. The apartments have different orientations and private garden areas. Reservations are&hellip;","_links":{"self":[{"href":"https:\/\/perissee.fr\/en\/wp-json\/wp\/v2\/pages\/1181"}],"collection":[{"href":"https:\/\/perissee.fr\/en\/wp-json\/wp\/v2\/pages"}],"about":[{"href":"https:\/\/perissee.fr\/en\/wp-json\/wp\/v2\/types\/page"}],"author":[{"embeddable":true,"href":"https:\/\/perissee.fr\/en\/wp-json\/wp\/v2\/users\/1"}],"replies":[{"embeddable":true,"href":"https:\/\/perissee.fr\/en\/wp-json\/wp\/v2\/comments?post=1181"}],"version-history":[{"count":50,"href":"https:\/\/perissee.fr\/en\/wp-json\/wp\/v2\/pages\/1181\/revisions"}],"predecessor-version":[{"id":2087,"href":"https:\/\/perissee.fr\/en\/wp-json\/wp\/v2\/pages\/1181\/revisions\/2087"}],"wp:attachment":[{"href":"https:\/\/perissee.fr\/en\/wp-json\/wp\/v2\/media?parent=1181"}],"curies":[{"name":"wp","href":"https:\/\/api.w.org\/{rel}","templated":true}]}}