{"id":1184,"date":"2023-03-15T08:49:29","date_gmt":"2023-03-15T07:49:29","guid":{"rendered":"https:\/\/perissee.fr\/wp\/?page_id=1184"},"modified":"2024-08-26T08:52:01","modified_gmt":"2024-08-26T06:52:01","slug":"ueber-uns","status":"publish","type":"page","link":"https:\/\/perissee.fr\/en\/about-us\/","title":{"rendered":"About us"},"content":{"rendered":"\r\n<div style=\"height:50px\" aria-hidden=\"true\" class=\"wp-block-spacer\"><\/div>\r\n\r\n\r\n\r\n\r\n<div class=\"wp-block-uagb-container uagb-block-ecd1b6eb alignfull uagb-is-root-container\">\r\n<h1 class=\"wp-block-heading alignfull has-text-align-center has-ffffff-background-color has-background\" style=\"padding-top:10px;padding-right:10px;padding-bottom:10px;padding-left:10px;font-size:24px;font-style:normal;font-weight:500\">Our millenium project<\/h1>\r\n\r\n\r\n\r\n<p class=\"has-ffffff-background-color has-background\" style=\"margin-top:0;margin-right:0;margin-bottom:0;margin-left:0\">In the summer of 2000, we bought this old farmhouse in Gascony, at the foot of the Pyrenees, between the Atlantic and the Mediterranean. It was a solid adobe house that had unfortunately suffered a lot in recent years, as it hadn&#8217;t been lived in for a long time and the roof wasn&#8217;t watertight. A lot of work lay ahead.<\/p>\r\n\r\n\r\n\r\n<p class=\"has-ffffff-background-color has-background\">Today, more than 20 years later, the house has been completely renovated by us and converted into two self-contained vacation apartments. We ourselves live in a straw-bale house that we also built ourselves on the same plot, and we look after the rental and reception of our guests.<\/p>\r\n\r\n\r\n\r\n<p class=\"has-ffffff-background-color has-background\">We look forward to your visit.<\/p>\r\n\r\n\r\n\r\n<h3 class=\"wp-block-heading has-ffffff-background-color has-background\">Claudia &amp; Dieter<\/h3>\r\n<\/div>\r\n\r\n\r\n\r\n<div class=\"wp-block-uagb-container uagb-block-26401d5c alignwide uagb-is-root-container\">\r\n<div class=\"wp-block-uagb-container uagb-block-3511acfe\">\r\n<h2 class=\"wp-block-heading\" style=\"margin-top:0;margin-right:0;margin-bottom:0;margin-left:0\">Mission<\/h2>\r\n\r\n\r\n\r\n<p style=\"margin-top:0;margin-right:0;margin-bottom:0;margin-left:0;font-size:15px\">Living on and off our farm as self-sufficiently as possible and with respect for the environment, we produce solar energy for ourselves, our mobility and even other households. Even our hot water is heated by the sun and connected to the heating system. Waste sorting is a matter of course, and we use low-energy appliances wherever possible.<\/p>\r\n<\/div>\r\n\r\n\r\n\r\n<div class=\"wp-block-uagb-container uagb-block-dcd96a8f\">\r\n<h2 class=\"wp-block-heading\" style=\"margin-top:0;margin-right:0;margin-bottom:0;margin-left:0\">Vision<\/h2>\r\n\r\n\r\n\r\n<p style=\"margin-top:0;margin-right:0;margin-bottom:0;margin-left:0\">Move towards a world without fossil fuels and as little dependence on polluting industries as possible. To preserve the world for future generations. To leave this place more beautiful than we found it, and offer people and animals a peaceful refuge.<\/p>\r\n<\/div>\r\n\r\n\r\n\r\n<div class=\"wp-block-uagb-container uagb-block-183c0441\">\r\n<h2 class=\"wp-block-heading\" style=\"margin-top:0;margin-right:0;margin-bottom:0;margin-left:0\">Values<\/h2>\r\n\r\n\r\n\r\n<ul class=\"wp-block-list\">\r\n<li>Sustainability and environmental compatibility<\/li>\r\n\r\n\r\n\r\n<li>D\u00e9carboniser notre vie<\/li>\r\n\r\n\r\n\r\n<li>Organic cultivation of food<\/li>\r\n\r\n\r\n\r\n<li>Repair before consumption<\/li>\r\n<\/ul>\r\n<\/div>\r\n<\/div>\r\n","protected":false},"excerpt":{"rendered":"<p>Our millenium project In the summer of 2000, we bought this old farmhouse in Gascony, at the foot of the Pyrenees, between the Atlantic and the Mediterranean. It was a solid adobe house that had unfortunately suffered a lot in recent years, as it hadn&#8217;t been lived in for a long time and the roof [&hellip;]<\/p>\n","protected":false},"author":1,"featured_media":0,"parent":0,"menu_order":0,"comment_status":"closed","ping_status":"closed","template":"","meta":{"_eb_attr":"","_uag_custom_page_level_css":"","site-sidebar-layout":"default","site-content-layout":"default","ast-site-content-layout":"default","site-content-style":"default","site-sidebar-style":"default","ast-global-header-display":"","ast-banner-title-visibility":"disabled","ast-main-header-display":"","ast-hfb-above-header-display":"","ast-hfb-below-header-display":"","ast-hfb-mobile-header-display":"","site-post-title":"disabled","ast-breadcrumbs-content":"","ast-featured-img":"","footer-sml-layout":"","theme-transparent-header-meta":"disabled","adv-header-id-meta":"","stick-header-meta":"","header-above-stick-meta":"","header-main-stick-meta":"","header-below-stick-meta":"","astra-migrate-meta-layouts":"set","ast-page-background-enabled":"default","ast-page-background-meta":{"desktop":{"background-color":"","background-image":"","background-repeat":"repeat","background-position":"center center","background-size":"auto","background-attachment":"scroll","background-type":"","background-media":"","overlay-type":"","overlay-color":"","overlay-opacity":"","overlay-gradient":""},"tablet":{"background-color":"","background-image":"","background-repeat":"repeat","background-position":"center center","background-size":"auto","background-attachment":"scroll","background-type":"","background-media":"","overlay-type":"","overlay-color":"","overlay-opacity":"","overlay-gradient":""},"mobile":{"background-color":"","background-image":"","background-repeat":"repeat","background-position":"center center","background-size":"auto","background-attachment":"scroll","background-type":"","background-media":"","overlay-type":"","overlay-color":"","overlay-opacity":"","overlay-gradient":""}},"ast-content-background-meta":{"desktop":{"background-color":"var(--ast-global-color-5)","background-image":"","background-repeat":"repeat","background-position":"center center","background-size":"auto","background-attachment":"scroll","background-type":"","background-media":"","overlay-type":"","overlay-color":"","overlay-opacity":"","overlay-gradient":""},"tablet":{"background-color":"var(--ast-global-color-5)","background-image":"","background-repeat":"repeat","background-position":"center center","background-size":"auto","background-attachment":"scroll","background-type":"","background-media":"","overlay-type":"","overlay-color":"","overlay-opacity":"","overlay-gradient":""},"mobile":{"background-color":"var(--ast-global-color-5)","background-image":"","background-repeat":"repeat","background-position":"center center","background-size":"auto","background-attachment":"scroll","background-type":"","background-media":"","overlay-type":"","overlay-color":"","overlay-opacity":"","overlay-gradient":""}},"footnotes":""},"class_list":["post-1184","page","type-page","status-publish","hentry"],"yoast_head":"<!-- This site is optimized with the Yoast SEO plugin v24.6 - https:\/\/yoast.com\/wordpress\/plugins\/seo\/ -->\n<title>About us<\/title>\n<meta name=\"description\" content=\"Our millenium project In the summer of 2000, we bought this old farmhouse in Gascony, at the foot of the Pyrenees, between the Atlantic and the Mediterranean. It was a solid adobe house that had unfortunately suffered a lot in recent years, as it hadn&#039;t been lived in for a long time and the roof&hellip;\" \/>\n<meta name=\"robots\" content=\"index, follow, max-snippet:-1, max-image-preview:large, max-video-preview:-1\" \/>\n<link rel=\"canonical\" href=\"http:\/\/Our%20millenium%20project%20In%20the%20summer%20of%202000,%20we%20bought%20this%20old%20farmhouse%20in%20Gascony,%20at%20the%20foot%20of%20the%20Pyrenees,%20between%20the%20Atlantic%20and%20the%20Mediterranean.%20It%20was%20a%20solid%20adobe%20house%20that%20had%20unfortunately%20suffered%20a%20lot%20in%20recent%20years,%20as%20it%20hadn't%20been%20lived%20in%20for%20a%20long%20time%20and%20the%20roof&hellip;\" \/>\n<meta property=\"og:locale\" content=\"en_US\" \/>\n<meta property=\"og:type\" content=\"article\" \/>\n<meta property=\"og:title\" content=\"About us\" \/>\n<meta property=\"og:description\" content=\"Our millenium project In the summer of 2000, we bought this old farmhouse in Gascony, at the foot of the Pyrenees, between the Atlantic and the Mediterranean. It was a solid adobe house that had unfortunately suffered a lot in recent years, as it hadn&#039;t been lived in for a long time and the roof&hellip;\" \/>\n<meta property=\"og:url\" content=\"https:\/\/perissee.fr\/en\/about-us\/\" \/>\n<meta property=\"og:site_name\" content=\"Holiday home P\u00e9riss\u00e9 in Gasconny\" \/>\n<meta property=\"article:modified_time\" content=\"2024-08-26T06:52:01+00:00\" \/>\n<meta name=\"twitter:card\" content=\"summary_large_image\" \/>\n<meta name=\"twitter:label1\" content=\"Est. reading time\" \/>\n\t<meta name=\"twitter:data1\" content=\"2 minutes\" \/>\n<script type=\"application\/ld+json\" class=\"yoast-schema-graph\">{\"@context\":\"https:\/\/schema.org\",\"@graph\":[{\"@type\":\"WebPage\",\"@id\":\"https:\/\/perissee.fr\/en\/about-us\/\",\"url\":\"https:\/\/perissee.fr\/en\/about-us\/\",\"name\":\"\u00c0 propos - Holiday home P\u00e9riss\u00e9 in Gasconny\",\"isPartOf\":{\"@id\":\"https:\/\/perissee.fr\/fr\/#website\"},\"datePublished\":\"2023-03-15T07:49:29+00:00\",\"dateModified\":\"2024-08-26T06:52:01+00:00\",\"breadcrumb\":{\"@id\":\"https:\/\/perissee.fr\/en\/about-us\/#breadcrumb\"},\"inLanguage\":\"en-US\",\"potentialAction\":[{\"@type\":\"ReadAction\",\"target\":[\"https:\/\/perissee.fr\/en\/about-us\/\"]}]},{\"@type\":\"BreadcrumbList\",\"@id\":\"https:\/\/perissee.fr\/en\/about-us\/#breadcrumb\",\"itemListElement\":[{\"@type\":\"ListItem\",\"position\":1,\"name\":\"Home\",\"item\":\"https:\/\/perissee.fr\/fr\/\"},{\"@type\":\"ListItem\",\"position\":2,\"name\":\"About us\"}]},{\"@type\":\"WebSite\",\"@id\":\"https:\/\/perissee.fr\/en\/fr\/#website\",\"url\":\"https:\/\/perissee.fr\/en\/fr\/\",\"name\":\"Holiday home P\u00e9riss\u00e9 in Gasconny\",\"description\":\"Visit us in Gasconny\",\"publisher\":{\"@id\":\"https:\/\/perissee.fr\/en\/fr\/#organization\"},\"potentialAction\":[{\"@type\":\"SearchAction\",\"target\":{\"@type\":\"EntryPoint\",\"urlTemplate\":\"https:\/\/perissee.fr\/en\/fr\/?s={search_term_string}\"},\"query-input\":{\"@type\":\"PropertyValueSpecification\",\"valueRequired\":true,\"valueName\":\"search_term_string\"}}],\"inLanguage\":\"en-US\"},{\"@type\":\"Organization\",\"@id\":\"https:\/\/perissee.fr\/en\/fr\/#organization\",\"name\":\"Holiday home P\u00e9riss\u00e9 in Gasconny\",\"url\":\"https:\/\/perissee.fr\/en\/fr\/\",\"logo\":{\"@type\":\"ImageObject\",\"inLanguage\":\"en-US\",\"@id\":\"https:\/\/perissee.fr\/en\/fr\/#\/schema\/logo\/image\/\",\"url\":\"https:\/\/perissee.fr\/wp-content\/uploads\/logo-mountain-dark.png\",\"contentUrl\":\"https:\/\/perissee.fr\/wp-content\/uploads\/logo-mountain-dark.png\",\"width\":190,\"height\":50,\"caption\":\"Holiday home P\u00e9riss\u00e9 in Gasconny\"},\"image\":{\"@id\":\"https:\/\/perissee.fr\/en\/fr\/#\/schema\/logo\/image\/\"}}]}<\/script>\n<!-- \/ Yoast SEO plugin. -->","yoast_head_json":{"title":"About us","description":"Our millenium project In the summer of 2000, we bought this old farmhouse in Gascony, at the foot of the Pyrenees, between the Atlantic and the Mediterranean. It was a solid adobe house that had unfortunately suffered a lot in recent years, as it hadn't been lived in for a long time and the roof&hellip;","robots":{"index":"index","follow":"follow","max-snippet":"max-snippet:-1","max-image-preview":"max-image-preview:large","max-video-preview":"max-video-preview:-1"},"canonical":"Our millenium project In the summer of 2000, we bought this old farmhouse in Gascony, at the foot of the Pyrenees, between the Atlantic and the Mediterranean. It was a solid adobe house that had unfortunately suffered a lot in recent years, as it hadn't been lived in for a long time and the roof&hellip;","og_locale":"en_US","og_type":"article","og_title":"About us","og_description":"Our millenium project In the summer of 2000, we bought this old farmhouse in Gascony, at the foot of the Pyrenees, between the Atlantic and the Mediterranean. It was a solid adobe house that had unfortunately suffered a lot in recent years, as it hadn't been lived in for a long time and the roof&hellip;","og_url":"https:\/\/perissee.fr\/en\/about-us\/","og_site_name":"Holiday home P\u00e9riss\u00e9 in Gasconny","article_modified_time":"2024-08-26T06:52:01+00:00","twitter_card":"summary_large_image","twitter_misc":{"Est. reading time":"2 minutes"},"schema":{"@context":"https:\/\/schema.org","@graph":[{"@type":"WebPage","@id":"https:\/\/perissee.fr\/en\/about-us\/","url":"https:\/\/perissee.fr\/en\/about-us\/","name":"\u00c0 propos - Holiday home P\u00e9riss\u00e9 in Gasconny","isPartOf":{"@id":"https:\/\/perissee.fr\/fr\/#website"},"datePublished":"2023-03-15T07:49:29+00:00","dateModified":"2024-08-26T06:52:01+00:00","breadcrumb":{"@id":"https:\/\/perissee.fr\/en\/about-us\/#breadcrumb"},"inLanguage":"en-US","potentialAction":[{"@type":"ReadAction","target":["https:\/\/perissee.fr\/en\/about-us\/"]}]},{"@type":"BreadcrumbList","@id":"https:\/\/perissee.fr\/en\/about-us\/#breadcrumb","itemListElement":[{"@type":"ListItem","position":1,"name":"Home","item":"https:\/\/perissee.fr\/fr\/"},{"@type":"ListItem","position":2,"name":"About us"}]},{"@type":"WebSite","@id":"https:\/\/perissee.fr\/en\/fr\/#website","url":"https:\/\/perissee.fr\/en\/fr\/","name":"Holiday home P\u00e9riss\u00e9 in Gasconny","description":"Visit us in Gasconny","publisher":{"@id":"https:\/\/perissee.fr\/en\/fr\/#organization"},"potentialAction":[{"@type":"SearchAction","target":{"@type":"EntryPoint","urlTemplate":"https:\/\/perissee.fr\/en\/fr\/?s={search_term_string}"},"query-input":{"@type":"PropertyValueSpecification","valueRequired":true,"valueName":"search_term_string"}}],"inLanguage":"en-US"},{"@type":"Organization","@id":"https:\/\/perissee.fr\/en\/fr\/#organization","name":"Holiday home P\u00e9riss\u00e9 in Gasconny","url":"https:\/\/perissee.fr\/en\/fr\/","logo":{"@type":"ImageObject","inLanguage":"en-US","@id":"https:\/\/perissee.fr\/en\/fr\/#\/schema\/logo\/image\/","url":"https:\/\/perissee.fr\/wp-content\/uploads\/logo-mountain-dark.png","contentUrl":"https:\/\/perissee.fr\/wp-content\/uploads\/logo-mountain-dark.png","width":190,"height":50,"caption":"Holiday home P\u00e9riss\u00e9 in Gasconny"},"image":{"@id":"https:\/\/perissee.fr\/en\/fr\/#\/schema\/logo\/image\/"}}]}},"uagb_featured_image_src":{"full":false,"thumbnail":false,"medium":false,"medium_large":false,"large":false,"1536x1536":false,"2048x2048":false},"uagb_author_info":{"display_name":"admin","author_link":"https:\/\/perissee.fr\/en\/author\/admin\/"},"uagb_comment_info":0,"uagb_excerpt":"Our millenium project In the summer of 2000, we bought this old farmhouse in Gascony, at the foot of the Pyrenees, between the Atlantic and the Mediterranean. It was a solid adobe house that had unfortunately suffered a lot in recent years, as it hadn&#8217;t been lived in for a long time and the roof&hellip;","_links":{"self":[{"href":"https:\/\/perissee.fr\/en\/wp-json\/wp\/v2\/pages\/1184"}],"collection":[{"href":"https:\/\/perissee.fr\/en\/wp-json\/wp\/v2\/pages"}],"about":[{"href":"https:\/\/perissee.fr\/en\/wp-json\/wp\/v2\/types\/page"}],"author":[{"embeddable":true,"href":"https:\/\/perissee.fr\/en\/wp-json\/wp\/v2\/users\/1"}],"replies":[{"embeddable":true,"href":"https:\/\/perissee.fr\/en\/wp-json\/wp\/v2\/comments?post=1184"}],"version-history":[{"count":34,"href":"https:\/\/perissee.fr\/en\/wp-json\/wp\/v2\/pages\/1184\/revisions"}],"predecessor-version":[{"id":2083,"href":"https:\/\/perissee.fr\/en\/wp-json\/wp\/v2\/pages\/1184\/revisions\/2083"}],"wp:attachment":[{"href":"https:\/\/perissee.fr\/en\/wp-json\/wp\/v2\/media?parent=1184"}],"curies":[{"name":"wp","href":"https:\/\/api.w.org\/{rel}","templated":true}]}}