{"id":1181,"date":"2023-03-15T08:29:03","date_gmt":"2023-03-15T07:29:03","guid":{"rendered":"https:\/\/perissee.fr\/wp\/?page_id=1181"},"modified":"2024-08-26T08:52:12","modified_gmt":"2024-08-26T06:52:12","slug":"home","status":"publish","type":"page","link":"https:\/\/perissee.fr\/fr\/","title":{"rendered":"Accueil"},"content":{"rendered":"\n<div class=\"wp-block-uagb-container uagb-block-beeaa9bb alignfull uagb-is-root-container\"><div class=\"uagb-container-inner-blocks-wrap\">\n<div class=\"wp-block-uagb-advanced-heading uagb-block-16d10790\"><h1 class=\"uagb-heading-text\">Bienvenue dans le pays des Coteaux de Bigorre<\/h1><\/div>\n\n\n\n<p style=\"font-size:16px;line-height:1.8\">Un havre de paix ! Dans une ancienne ferme r\u00e9nov\u00e9e par nos soins, situ\u00e9e dans les collines face aux Pyr\u00e9n\u00e9es, nous vous proposons deux appartements clairs et spacieux, situ\u00e9s au calme, chacun avec une entr\u00e9e s\u00e9par\u00e9e, des places de parking, des terrasses avec barbecue et meubles de jardin. Les appartements ont des orientations diff\u00e9rentes et des espaces de jardin priv\u00e9s. Les r\u00e9servations sont possibles via les deux espaces de chaque appartement.<\/p>\n\n\n\n<div class=\"wp-block-uagb-container uagb-block-bf03a61d\">\n<figure class=\"wp-block-image aligncenter is-resized\" id=\"kleine-G\u00eete\"><a href=\"https:\/\/perissee.fr\/petit-gite\/\"><img loading=\"lazy\" decoding=\"async\" src=\"https:\/\/perissee.fr\/wp-content\/uploads\/kleineGite.jpg\" alt=\"\" class=\"wp-image-388\" width=\"480\" height=\"360\" srcset=\"https:\/\/perissee.fr\/wp-content\/uploads\/kleineGite.jpg 640w, https:\/\/perissee.fr\/wp-content\/uploads\/kleineGite-300x225.jpg 300w\" sizes=\"(max-width: 480px) 100vw, 480px\" \/><\/a><figcaption class=\"wp-element-caption\"><strong>Le petit G\u00eete<\/strong><\/figcaption><\/figure>\n\n\n\n<figure class=\"wp-block-image aligncenter size-large is-resized is-style-default\" id=\"grosse-G\u00eete\"><a href=\"https:\/\/perissee.fr\/grand-gite\/\" target=\"_blank\" rel=\"noreferrer noopener\"><img loading=\"lazy\" decoding=\"async\" src=\"https:\/\/perissee.fr\/wp-content\/uploads\/kastanie-1024x768.jpg\" alt=\"\" class=\"wp-image-387\" width=\"480\" height=\"360\" srcset=\"https:\/\/perissee.fr\/wp-content\/uploads\/kastanie-1024x768.jpg 1024w, https:\/\/perissee.fr\/wp-content\/uploads\/kastanie-300x225.jpg 300w, https:\/\/perissee.fr\/wp-content\/uploads\/kastanie-768x576.jpg 768w, https:\/\/perissee.fr\/wp-content\/uploads\/kastanie-1536x1152.jpg 1536w, https:\/\/perissee.fr\/wp-content\/uploads\/kastanie.jpg 1600w\" sizes=\"(max-width: 480px) 100vw, 480px\" \/><\/a><figcaption class=\"wp-element-caption\"><strong>Le grand G\u00eete<\/strong><\/figcaption><\/figure>\n<\/div>\n\n\n\n<ul style=\"line-height:2\" class=\"has-ast-global-color-6-color has-text-color has-link-color wp-block-list wp-elements-b6c43705305a7f1317be8752e5f8ac1e\">\n<li style=\"line-height:1.8\">A environ 1 km se trouve le lac de Puydarrieux, prot\u00e9g\u00e9 par Natura2000, qui sert d&rsquo;abri hivernal \u00e0 de nombreuses esp\u00e8ces d&rsquo;oiseaux. La maison est situ\u00e9e non loin d&rsquo;un petit village et de trois petites villes (<a href=\"http:\/\/fmaquaire.free.fr\/\" target=\"_blank\" rel=\"noreferrer noopener\">Galan<\/a>, <a href=\"http:\/\/triesurbaise.com\" target=\"_blank\" rel=\"noreferrer noopener\">Trie sur Baise<\/a> et <a href=\"https:\/\/www.castelnaumagnoac.fr\/\" target=\"_blank\" rel=\"noreferrer noopener\">Castelnau Magnoac<\/a>) avec de jolis march\u00e9s hebdomadaires qui sont rapidement accessibles. A Galan (4 km), il y a une petite \u00e9picerie, un bar, une boulangerie, une boucherie et 2 restaurants.<\/li>\n\n\n\n<li style=\"line-height:1.8\">Possibilit\u00e9 de baignade la plus proche se trouve \u00e0 Castelnau Magnoac (lac de baignade) env. 9 km<\/li>\n\n\n\n<li style=\"line-height:1.8\">Il y a de nombreuses possibilit\u00e9s de randonn\u00e9es \u00e0 proximit\u00e9 imm\u00e9diate, des cartes de randonn\u00e9es sont disponibles dans nos g\u00eetes. Les Pyr\u00e9n\u00e9es (Vall\u00e9e d&rsquo;Aure) sont accessibles en une demi-heure de voiture.<\/li>\n\n\n\n<li style=\"line-height:1.8\">Des randonn\u00e9es \u00e0 v\u00e9lo\/moto sont \u00e9galement un grand plaisir ici en raison de la faible circulation. C&rsquo;est particuli\u00e8rement agr\u00e9able avec un Pedelec, car le paysage vallonn\u00e9 peut ainsi \u00eatre d\u00e9couvert sans effort. Nous proposons \u00e9galement des traces GPS de nos propres itin\u00e9raires et sommes \u00e0 votre disposition pour vous aider \u00e0 choisir vos circuits de d\u00e9couverte.<\/li>\n\n\n\n<li style=\"line-height:1.8\">Un excellent restaurant \u00e9toil\u00e9 Michelin (<a rel=\"noreferrer noopener\" href=\"http:\/\/sandikala.com\" target=\"_blank\">Sandikala<\/a>) est \u00e0 5 km, ainsi que quelques bonnes &lsquo;<a rel=\"noreferrer noopener\" href=\"http:\/\/ferme-auberge-du-lac.fr\" target=\"_blank\">Fermes Auberges<\/a>&lsquo;.<\/li>\n\n\n\n<li style=\"line-height:1.8\">En \u00e9t\u00e9, vous pouvez assister \u00e0 des festivals c\u00e9l\u00e8bres :<\/li>\n\n\n\n<li>Festival&nbsp;<a rel=\"noreferrer noopener\" href=\"http:\/\/www.tempo-latino.com\/\" target=\"_blank\">Tempo Latino&nbsp;<\/a>\u00e0 Vic-Fezensac&nbsp; ;<\/li>\n\n\n\n<li><a rel=\"noreferrer noopener\" href=\"http:\/\/www.country-musique.com\/\" target=\"_blank\">Countryfestival<\/a>&nbsp;\u00e0 Mirande<\/li>\n\n\n\n<li><a rel=\"noreferrer noopener\" href=\"http:\/\/jazzinmarciac.com\" target=\"_blank\">Festival de Jazz <\/a>\u00e0 Marciac<\/li>\n<\/ul>\n\n\n\n<p class=\"has-ast-global-color-6-color has-text-color has-link-color wp-elements-dd79665dc749d7fdbac997c4511f9125\">&nbsp;<\/p>\n<\/div><\/div>\n","protected":false},"excerpt":{"rendered":"<p>Bienvenue dans le pays des Coteaux de Bigorre Un havre de paix ! Dans une ancienne ferme r\u00e9nov\u00e9e par nos soins, situ\u00e9e dans les collines face aux Pyr\u00e9n\u00e9es, nous vous proposons deux appartements clairs et spacieux, situ\u00e9s au calme, chacun avec une entr\u00e9e s\u00e9par\u00e9e, des places de parking, des terrasses avec barbecue et meubles de [&hellip;]<\/p>\n","protected":false},"author":1,"featured_media":0,"parent":0,"menu_order":0,"comment_status":"closed","ping_status":"closed","template":"","meta":{"_eb_attr":"","_uag_custom_page_level_css":"","site-sidebar-layout":"default","site-content-layout":"","ast-site-content-layout":"default","site-content-style":"default","site-sidebar-style":"default","ast-global-header-display":"","ast-banner-title-visibility":"","ast-main-header-display":"","ast-hfb-above-header-display":"","ast-hfb-below-header-display":"","ast-hfb-mobile-header-display":"","site-post-title":"disabled","ast-breadcrumbs-content":"","ast-featured-img":"","footer-sml-layout":"","theme-transparent-header-meta":"","adv-header-id-meta":"","stick-header-meta":"","header-above-stick-meta":"","header-main-stick-meta":"","header-below-stick-meta":"","astra-migrate-meta-layouts":"set","ast-page-background-enabled":"default","ast-page-background-meta":{"desktop":{"background-color":"","background-image":"","background-repeat":"repeat","background-position":"center center","background-size":"auto","background-attachment":"scroll","background-type":"","background-media":"","overlay-type":"","overlay-color":"","overlay-opacity":"","overlay-gradient":""},"tablet":{"background-color":"","background-image":"","background-repeat":"repeat","background-position":"center center","background-size":"auto","background-attachment":"scroll","background-type":"","background-media":"","overlay-type":"","overlay-color":"","overlay-opacity":"","overlay-gradient":""},"mobile":{"background-color":"","background-image":"","background-repeat":"repeat","background-position":"center center","background-size":"auto","background-attachment":"scroll","background-type":"","background-media":"","overlay-type":"","overlay-color":"","overlay-opacity":"","overlay-gradient":""}},"ast-content-background-meta":{"desktop":{"background-color":"var(--ast-global-color-5)","background-image":"","background-repeat":"repeat","background-position":"center center","background-size":"auto","background-attachment":"scroll","background-type":"","background-media":"","overlay-type":"","overlay-color":"","overlay-opacity":"","overlay-gradient":""},"tablet":{"background-color":"var(--ast-global-color-5)","background-image":"","background-repeat":"repeat","background-position":"center center","background-size":"auto","background-attachment":"scroll","background-type":"","background-media":"","overlay-type":"","overlay-color":"","overlay-opacity":"","overlay-gradient":""},"mobile":{"background-color":"var(--ast-global-color-5)","background-image":"","background-repeat":"repeat","background-position":"center center","background-size":"auto","background-attachment":"scroll","background-type":"","background-media":"","overlay-type":"","overlay-color":"","overlay-opacity":"","overlay-gradient":""}},"footnotes":""},"class_list":["post-1181","page","type-page","status-publish","hentry"],"yoast_head":"<!-- This site is optimized with the Yoast SEO plugin v24.6 - https:\/\/yoast.com\/wordpress\/plugins\/seo\/ -->\n<title>Accueil - G\u00eete P\u00e9riss\u00e9 au pied des Pyr\u00e9n\u00e9es<\/title>\n<meta name=\"robots\" content=\"index, follow, max-snippet:-1, max-image-preview:large, max-video-preview:-1\" \/>\n<link rel=\"canonical\" href=\"https:\/\/perissee.fr\/fr\/\" \/>\n<meta property=\"og:locale\" content=\"fr_FR\" \/>\n<meta property=\"og:type\" content=\"article\" \/>\n<meta property=\"og:title\" content=\"Accueil - G\u00eete P\u00e9riss\u00e9 au pied des Pyr\u00e9n\u00e9es\" \/>\n<meta property=\"og:description\" content=\"Bienvenue dans le pays des Coteaux de Bigorre Un havre de paix ! Dans une ancienne ferme r\u00e9nov\u00e9e par nos soins, situ\u00e9e dans les collines face aux Pyr\u00e9n\u00e9es, nous vous proposons deux appartements clairs et spacieux, situ\u00e9s au calme, chacun avec une entr\u00e9e s\u00e9par\u00e9e, des places de parking, des terrasses avec barbecue et meubles de [&hellip;]\" \/>\n<meta property=\"og:url\" content=\"https:\/\/perissee.fr\/fr\/\" \/>\n<meta property=\"og:site_name\" content=\"G\u00eete P\u00e9riss\u00e9 au pied des Pyr\u00e9n\u00e9es\" \/>\n<meta property=\"article:modified_time\" content=\"2024-08-26T06:52:12+00:00\" \/>\n<meta name=\"twitter:card\" content=\"summary_large_image\" \/>\n<meta name=\"twitter:label1\" content=\"Dur\u00e9e de lecture estim\u00e9e\" \/>\n\t<meta name=\"twitter:data1\" content=\"2 minutes\" \/>\n<script type=\"application\/ld+json\" class=\"yoast-schema-graph\">{\"@context\":\"https:\/\/schema.org\",\"@graph\":[{\"@type\":\"WebPage\",\"@id\":\"https:\/\/perissee.fr\/fr\/\",\"url\":\"https:\/\/perissee.fr\/fr\/\",\"name\":\"Accueil - G\u00eete P\u00e9riss\u00e9 au pied des Pyr\u00e9n\u00e9es\",\"isPartOf\":{\"@id\":\"https:\/\/perissee.fr\/fr\/#website\"},\"datePublished\":\"2023-03-15T07:29:03+00:00\",\"dateModified\":\"2024-08-26T06:52:12+00:00\",\"breadcrumb\":{\"@id\":\"https:\/\/perissee.fr\/fr\/#breadcrumb\"},\"inLanguage\":\"fr-FR\",\"potentialAction\":[{\"@type\":\"ReadAction\",\"target\":[\"https:\/\/perissee.fr\/fr\/\"]}]},{\"@type\":\"BreadcrumbList\",\"@id\":\"https:\/\/perissee.fr\/fr\/#breadcrumb\",\"itemListElement\":[{\"@type\":\"ListItem\",\"position\":1,\"name\":\"Startseite\",\"item\":\"https:\/\/perissee.fr\/fr\/\"},{\"@type\":\"ListItem\",\"position\":2,\"name\":\"Accueil\"}]},{\"@type\":\"WebSite\",\"@id\":\"https:\/\/perissee.fr\/fr\/#website\",\"url\":\"https:\/\/perissee.fr\/fr\/\",\"name\":\"G\u00eete P\u00e9riss\u00e9 au pied des Pyr\u00e9n\u00e9es\",\"description\":\"Visitez-nous en Gascogne\",\"publisher\":{\"@id\":\"https:\/\/perissee.fr\/fr\/#organization\"},\"potentialAction\":[{\"@type\":\"SearchAction\",\"target\":{\"@type\":\"EntryPoint\",\"urlTemplate\":\"https:\/\/perissee.fr\/fr\/?s={search_term_string}\"},\"query-input\":{\"@type\":\"PropertyValueSpecification\",\"valueRequired\":true,\"valueName\":\"search_term_string\"}}],\"inLanguage\":\"fr-FR\"},{\"@type\":\"Organization\",\"@id\":\"https:\/\/perissee.fr\/fr\/#organization\",\"name\":\"G\u00eete P\u00e9riss\u00e9 au pied des Pyr\u00e9n\u00e9es\",\"url\":\"https:\/\/perissee.fr\/fr\/\",\"logo\":{\"@type\":\"ImageObject\",\"inLanguage\":\"fr-FR\",\"@id\":\"https:\/\/perissee.fr\/fr\/#\/schema\/logo\/image\/\",\"url\":\"https:\/\/perissee.fr\/wp-content\/uploads\/logo-mountain-dark.png\",\"contentUrl\":\"https:\/\/perissee.fr\/wp-content\/uploads\/logo-mountain-dark.png\",\"width\":190,\"height\":50,\"caption\":\"G\u00eete P\u00e9riss\u00e9 au pied des Pyr\u00e9n\u00e9es\"},\"image\":{\"@id\":\"https:\/\/perissee.fr\/fr\/#\/schema\/logo\/image\/\"}}]}<\/script>\n<!-- \/ Yoast SEO plugin. -->","yoast_head_json":{"title":"Accueil - G\u00eete P\u00e9riss\u00e9 au pied des Pyr\u00e9n\u00e9es","robots":{"index":"index","follow":"follow","max-snippet":"max-snippet:-1","max-image-preview":"max-image-preview:large","max-video-preview":"max-video-preview:-1"},"canonical":"https:\/\/perissee.fr\/fr\/","og_locale":"fr_FR","og_type":"article","og_title":"Accueil - G\u00eete P\u00e9riss\u00e9 au pied des Pyr\u00e9n\u00e9es","og_description":"Bienvenue dans le pays des Coteaux de Bigorre Un havre de paix ! Dans une ancienne ferme r\u00e9nov\u00e9e par nos soins, situ\u00e9e dans les collines face aux Pyr\u00e9n\u00e9es, nous vous proposons deux appartements clairs et spacieux, situ\u00e9s au calme, chacun avec une entr\u00e9e s\u00e9par\u00e9e, des places de parking, des terrasses avec barbecue et meubles de [&hellip;]","og_url":"https:\/\/perissee.fr\/fr\/","og_site_name":"G\u00eete P\u00e9riss\u00e9 au pied des Pyr\u00e9n\u00e9es","article_modified_time":"2024-08-26T06:52:12+00:00","twitter_card":"summary_large_image","twitter_misc":{"Dur\u00e9e de lecture estim\u00e9e":"2 minutes"},"schema":{"@context":"https:\/\/schema.org","@graph":[{"@type":"WebPage","@id":"https:\/\/perissee.fr\/fr\/","url":"https:\/\/perissee.fr\/fr\/","name":"Accueil - G\u00eete P\u00e9riss\u00e9 au pied des Pyr\u00e9n\u00e9es","isPartOf":{"@id":"https:\/\/perissee.fr\/fr\/#website"},"datePublished":"2023-03-15T07:29:03+00:00","dateModified":"2024-08-26T06:52:12+00:00","breadcrumb":{"@id":"https:\/\/perissee.fr\/fr\/#breadcrumb"},"inLanguage":"fr-FR","potentialAction":[{"@type":"ReadAction","target":["https:\/\/perissee.fr\/fr\/"]}]},{"@type":"BreadcrumbList","@id":"https:\/\/perissee.fr\/fr\/#breadcrumb","itemListElement":[{"@type":"ListItem","position":1,"name":"Startseite","item":"https:\/\/perissee.fr\/fr\/"},{"@type":"ListItem","position":2,"name":"Accueil"}]},{"@type":"WebSite","@id":"https:\/\/perissee.fr\/fr\/#website","url":"https:\/\/perissee.fr\/fr\/","name":"G\u00eete P\u00e9riss\u00e9 au pied des Pyr\u00e9n\u00e9es","description":"Visitez-nous en Gascogne","publisher":{"@id":"https:\/\/perissee.fr\/fr\/#organization"},"potentialAction":[{"@type":"SearchAction","target":{"@type":"EntryPoint","urlTemplate":"https:\/\/perissee.fr\/fr\/?s={search_term_string}"},"query-input":{"@type":"PropertyValueSpecification","valueRequired":true,"valueName":"search_term_string"}}],"inLanguage":"fr-FR"},{"@type":"Organization","@id":"https:\/\/perissee.fr\/fr\/#organization","name":"G\u00eete P\u00e9riss\u00e9 au pied des Pyr\u00e9n\u00e9es","url":"https:\/\/perissee.fr\/fr\/","logo":{"@type":"ImageObject","inLanguage":"fr-FR","@id":"https:\/\/perissee.fr\/fr\/#\/schema\/logo\/image\/","url":"https:\/\/perissee.fr\/wp-content\/uploads\/logo-mountain-dark.png","contentUrl":"https:\/\/perissee.fr\/wp-content\/uploads\/logo-mountain-dark.png","width":190,"height":50,"caption":"G\u00eete P\u00e9riss\u00e9 au pied des Pyr\u00e9n\u00e9es"},"image":{"@id":"https:\/\/perissee.fr\/fr\/#\/schema\/logo\/image\/"}}]}},"uagb_featured_image_src":{"full":false,"thumbnail":false,"medium":false,"medium_large":false,"large":false,"1536x1536":false,"2048x2048":false},"uagb_author_info":{"display_name":"admin","author_link":"https:\/\/perissee.fr\/fr\/author\/admin\/"},"uagb_comment_info":0,"uagb_excerpt":"Bienvenue dans le pays des Coteaux de Bigorre Un havre de paix ! Dans une ancienne ferme r\u00e9nov\u00e9e par nos soins, situ\u00e9e dans les collines face aux Pyr\u00e9n\u00e9es, nous vous proposons deux appartements clairs et spacieux, situ\u00e9s au calme, chacun avec une entr\u00e9e s\u00e9par\u00e9e, des places de parking, des terrasses avec barbecue et meubles de\u2026","_links":{"self":[{"href":"https:\/\/perissee.fr\/fr\/wp-json\/wp\/v2\/pages\/1181"}],"collection":[{"href":"https:\/\/perissee.fr\/fr\/wp-json\/wp\/v2\/pages"}],"about":[{"href":"https:\/\/perissee.fr\/fr\/wp-json\/wp\/v2\/types\/page"}],"author":[{"embeddable":true,"href":"https:\/\/perissee.fr\/fr\/wp-json\/wp\/v2\/users\/1"}],"replies":[{"embeddable":true,"href":"https:\/\/perissee.fr\/fr\/wp-json\/wp\/v2\/comments?post=1181"}],"version-history":[{"count":50,"href":"https:\/\/perissee.fr\/fr\/wp-json\/wp\/v2\/pages\/1181\/revisions"}],"predecessor-version":[{"id":2087,"href":"https:\/\/perissee.fr\/fr\/wp-json\/wp\/v2\/pages\/1181\/revisions\/2087"}],"wp:attachment":[{"href":"https:\/\/perissee.fr\/fr\/wp-json\/wp\/v2\/media?parent=1181"}],"curies":[{"name":"wp","href":"https:\/\/api.w.org\/{rel}","templated":true}]}}