{"id":1184,"date":"2023-03-15T08:49:29","date_gmt":"2023-03-15T07:49:29","guid":{"rendered":"https:\/\/perissee.fr\/wp\/?page_id=1184"},"modified":"2024-08-26T08:52:01","modified_gmt":"2024-08-26T06:52:01","slug":"ueber-uns","status":"publish","type":"page","link":"https:\/\/perissee.fr\/fr\/ueber-uns\/","title":{"rendered":"\u00c0 propos"},"content":{"rendered":"\n<div class=\"wp-block-uagb-container uagb-block-ecd1b6eb alignfull uagb-is-root-container\">\n<div class=\"wp-block-uagb-advanced-heading uagb-block-551e3430\"><h1 class=\"uagb-heading-text\">Notre projet mill\u00e9naire<\/h1><\/div>\n\n\n\n<p class=\"has-ffffff-background-color has-background\" style=\"margin-top:0;margin-right:0;margin-bottom:0;margin-left:0\">En \u00e9t\u00e9 2000, nous avons achet\u00e9 cette ancienne ferme en Gascogne, au pied des Pyr\u00e9n\u00e9es, entre l&rsquo;Atlantique et la M\u00e9diterran\u00e9e. Une maison en pis\u00e9 massif qui avait malheureusement beaucoup souffert ces derni\u00e8res ann\u00e9es, car elle n&rsquo;avait pas \u00e9t\u00e9 habit\u00e9e depuis longtemps et le toit n&rsquo;\u00e9tait pas \u00e9tanche. Beaucoup de travail nous attendait donc.<\/p>\n\n\n\n<p class=\"has-ffffff-background-color has-background\">Aujourd&rsquo;hui, plus de 20 ans plus tard, la maison a \u00e9t\u00e9 enti\u00e8rement r\u00e9nov\u00e9e par nos soins et transform\u00e9e en deux appartements de vacances ind\u00e9pendants. Nous vivons nous-m\u00eames dans une maison en bottes de paille que nous avons \u00e9galement construite nous-m\u00eames sur le m\u00eame terrain et nous nous occupons de la location et de l&rsquo;accueil de nos h\u00f4tes.<\/p>\n\n\n\n<p class=\"has-ffffff-background-color has-background\">Nous nous r\u00e9jouissons de votre s\u00e9jour.<\/p>\n\n\n\n<h3 class=\"wp-block-heading has-ffffff-background-color has-background\">Claudia &amp; Dieter<\/h3>\n<\/div>\n\n\n\n<div class=\"wp-block-uagb-container uagb-block-26401d5c alignwide uagb-is-root-container\">\n<div class=\"wp-block-uagb-container uagb-block-3511acfe\">\n<h2 class=\"wp-block-heading\" style=\"margin-top:0;margin-right:0;margin-bottom:0;margin-left:0\">Mission<\/h2>\n\n\n\n<p style=\"margin-top:0;margin-right:0;margin-bottom:0;margin-left:0;font-size:15px\">Vivre sur et \u00e0 partir de notre ferme dans la plus grande autarcie possible et dans le respect de l&rsquo;environnement.La production d&rsquo;\u00e9nergie solaire pour nous, notre mobilit\u00e9 et m\u00eame d&rsquo;autres m\u00e9nages. M\u00eame l&rsquo;eau chaude est chauff\u00e9e par le soleil et reli\u00e9e au syst\u00e8me de chauffage. Le tri des d\u00e9chets va de soi et nous utilisons des appareils \u00e0 faible consommation d&rsquo;\u00e9nergie si possible.<\/p>\n<\/div>\n\n\n\n<div class=\"wp-block-uagb-container uagb-block-dcd96a8f\">\n<h2 class=\"wp-block-heading\" style=\"margin-top:0;margin-right:0;margin-bottom:0;margin-left:0\">Vision<\/h2>\n\n\n\n<p style=\"margin-top:0;margin-right:0;margin-bottom:0;margin-left:0\">\u00c9voluer vers un monde sans \u00e9nergie fossile et le moins d\u00e9pendant possible des industries polluantes. Pr\u00e9server le monde pour les g\u00e9n\u00e9rations futures. Laisser cet endroit plus beau que nous ne l&rsquo;avons trouv\u00e9 et offrir aux hommes et aux animaux un refuge paisible.<\/p>\n<\/div>\n\n\n\n<div class=\"wp-block-uagb-container uagb-block-183c0441\">\n<h2 class=\"wp-block-heading\" style=\"margin-top:0;margin-right:0;margin-bottom:0;margin-left:0\">Valeurs<\/h2>\n\n\n\n<ul class=\"wp-block-list\">\n<li>Durabilit\u00e9 &amp; compatibilit\u00e9 avec l&rsquo;environnement<\/li>\n\n\n\n<li>D\u00e9carboniser notre vie<\/li>\n\n\n\n<li>Culture biologique de produits alimentaires<\/li>\n\n\n\n<li>La r\u00e9paration avant la consommation<\/li>\n<\/ul>\n<\/div>\n<\/div>\n","protected":false},"excerpt":{"rendered":"<p>Notre projet mill\u00e9naire En \u00e9t\u00e9 2000, nous avons achet\u00e9 cette ancienne ferme en Gascogne, au pied des Pyr\u00e9n\u00e9es, entre l&rsquo;Atlantique et la M\u00e9diterran\u00e9e. Une maison en pis\u00e9 massif qui avait malheureusement beaucoup souffert ces derni\u00e8res ann\u00e9es, car elle n&rsquo;avait pas \u00e9t\u00e9 habit\u00e9e depuis longtemps et le toit n&rsquo;\u00e9tait pas \u00e9tanche. Beaucoup de travail nous attendait [&hellip;]<\/p>\n","protected":false},"author":1,"featured_media":0,"parent":0,"menu_order":0,"comment_status":"closed","ping_status":"closed","template":"","meta":{"_eb_attr":"","_uag_custom_page_level_css":"","site-sidebar-layout":"default","site-content-layout":"default","ast-site-content-layout":"default","site-content-style":"default","site-sidebar-style":"default","ast-global-header-display":"","ast-banner-title-visibility":"disabled","ast-main-header-display":"","ast-hfb-above-header-display":"","ast-hfb-below-header-display":"","ast-hfb-mobile-header-display":"","site-post-title":"disabled","ast-breadcrumbs-content":"","ast-featured-img":"","footer-sml-layout":"","theme-transparent-header-meta":"disabled","adv-header-id-meta":"","stick-header-meta":"","header-above-stick-meta":"","header-main-stick-meta":"","header-below-stick-meta":"","astra-migrate-meta-layouts":"set","ast-page-background-enabled":"default","ast-page-background-meta":{"desktop":{"background-color":"","background-image":"","background-repeat":"repeat","background-position":"center center","background-size":"auto","background-attachment":"scroll","background-type":"","background-media":"","overlay-type":"","overlay-color":"","overlay-opacity":"","overlay-gradient":""},"tablet":{"background-color":"","background-image":"","background-repeat":"repeat","background-position":"center center","background-size":"auto","background-attachment":"scroll","background-type":"","background-media":"","overlay-type":"","overlay-color":"","overlay-opacity":"","overlay-gradient":""},"mobile":{"background-color":"","background-image":"","background-repeat":"repeat","background-position":"center center","background-size":"auto","background-attachment":"scroll","background-type":"","background-media":"","overlay-type":"","overlay-color":"","overlay-opacity":"","overlay-gradient":""}},"ast-content-background-meta":{"desktop":{"background-color":"var(--ast-global-color-5)","background-image":"","background-repeat":"repeat","background-position":"center center","background-size":"auto","background-attachment":"scroll","background-type":"","background-media":"","overlay-type":"","overlay-color":"","overlay-opacity":"","overlay-gradient":""},"tablet":{"background-color":"var(--ast-global-color-5)","background-image":"","background-repeat":"repeat","background-position":"center center","background-size":"auto","background-attachment":"scroll","background-type":"","background-media":"","overlay-type":"","overlay-color":"","overlay-opacity":"","overlay-gradient":""},"mobile":{"background-color":"var(--ast-global-color-5)","background-image":"","background-repeat":"repeat","background-position":"center center","background-size":"auto","background-attachment":"scroll","background-type":"","background-media":"","overlay-type":"","overlay-color":"","overlay-opacity":"","overlay-gradient":""}},"footnotes":""},"class_list":["post-1184","page","type-page","status-publish","hentry"],"yoast_head":"<!-- This site is optimized with the Yoast SEO plugin v24.6 - https:\/\/yoast.com\/wordpress\/plugins\/seo\/ -->\n<title>\u00c0 propos - G\u00eete P\u00e9riss\u00e9 au pied des Pyr\u00e9n\u00e9es<\/title>\n<meta name=\"robots\" content=\"index, follow, max-snippet:-1, max-image-preview:large, max-video-preview:-1\" \/>\n<link rel=\"canonical\" href=\"https:\/\/perissee.fr\/fr\/ueber-uns\/\" \/>\n<meta property=\"og:locale\" content=\"fr_FR\" \/>\n<meta property=\"og:type\" content=\"article\" \/>\n<meta property=\"og:title\" content=\"\u00c0 propos - G\u00eete P\u00e9riss\u00e9 au pied des Pyr\u00e9n\u00e9es\" \/>\n<meta property=\"og:description\" content=\"Notre projet mill\u00e9naire En \u00e9t\u00e9 2000, nous avons achet\u00e9 cette ancienne ferme en Gascogne, au pied des Pyr\u00e9n\u00e9es, entre l&rsquo;Atlantique et la M\u00e9diterran\u00e9e. Une maison en pis\u00e9 massif qui avait malheureusement beaucoup souffert ces derni\u00e8res ann\u00e9es, car elle n&rsquo;avait pas \u00e9t\u00e9 habit\u00e9e depuis longtemps et le toit n&rsquo;\u00e9tait pas \u00e9tanche. Beaucoup de travail nous attendait [&hellip;]\" \/>\n<meta property=\"og:url\" content=\"https:\/\/perissee.fr\/fr\/ueber-uns\/\" \/>\n<meta property=\"og:site_name\" content=\"G\u00eete P\u00e9riss\u00e9 au pied des Pyr\u00e9n\u00e9es\" \/>\n<meta property=\"article:modified_time\" content=\"2024-08-26T06:52:01+00:00\" \/>\n<meta name=\"twitter:card\" content=\"summary_large_image\" \/>\n<meta name=\"twitter:label1\" content=\"Dur\u00e9e de lecture estim\u00e9e\" \/>\n\t<meta name=\"twitter:data1\" content=\"2 minutes\" \/>\n<script type=\"application\/ld+json\" class=\"yoast-schema-graph\">{\"@context\":\"https:\/\/schema.org\",\"@graph\":[{\"@type\":\"WebPage\",\"@id\":\"https:\/\/perissee.fr\/fr\/ueber-uns\/\",\"url\":\"https:\/\/perissee.fr\/fr\/ueber-uns\/\",\"name\":\"\u00c0 propos - G\u00eete P\u00e9riss\u00e9 au pied des Pyr\u00e9n\u00e9es\",\"isPartOf\":{\"@id\":\"https:\/\/perissee.fr\/fr\/#website\"},\"datePublished\":\"2023-03-15T07:49:29+00:00\",\"dateModified\":\"2024-08-26T06:52:01+00:00\",\"breadcrumb\":{\"@id\":\"https:\/\/perissee.fr\/fr\/ueber-uns\/#breadcrumb\"},\"inLanguage\":\"fr-FR\",\"potentialAction\":[{\"@type\":\"ReadAction\",\"target\":[\"https:\/\/perissee.fr\/fr\/ueber-uns\/\"]}]},{\"@type\":\"BreadcrumbList\",\"@id\":\"https:\/\/perissee.fr\/fr\/ueber-uns\/#breadcrumb\",\"itemListElement\":[{\"@type\":\"ListItem\",\"position\":1,\"name\":\"Startseite\",\"item\":\"https:\/\/perissee.fr\/fr\/\"},{\"@type\":\"ListItem\",\"position\":2,\"name\":\"\u00c0 propos\"}]},{\"@type\":\"WebSite\",\"@id\":\"https:\/\/perissee.fr\/fr\/#website\",\"url\":\"https:\/\/perissee.fr\/fr\/\",\"name\":\"G\u00eete P\u00e9riss\u00e9 au pied des Pyr\u00e9n\u00e9es\",\"description\":\"Visitez-nous en Gascogne\",\"publisher\":{\"@id\":\"https:\/\/perissee.fr\/fr\/#organization\"},\"potentialAction\":[{\"@type\":\"SearchAction\",\"target\":{\"@type\":\"EntryPoint\",\"urlTemplate\":\"https:\/\/perissee.fr\/fr\/?s={search_term_string}\"},\"query-input\":{\"@type\":\"PropertyValueSpecification\",\"valueRequired\":true,\"valueName\":\"search_term_string\"}}],\"inLanguage\":\"fr-FR\"},{\"@type\":\"Organization\",\"@id\":\"https:\/\/perissee.fr\/fr\/#organization\",\"name\":\"G\u00eete P\u00e9riss\u00e9 au pied des Pyr\u00e9n\u00e9es\",\"url\":\"https:\/\/perissee.fr\/fr\/\",\"logo\":{\"@type\":\"ImageObject\",\"inLanguage\":\"fr-FR\",\"@id\":\"https:\/\/perissee.fr\/fr\/#\/schema\/logo\/image\/\",\"url\":\"https:\/\/perissee.fr\/wp-content\/uploads\/logo-mountain-dark.png\",\"contentUrl\":\"https:\/\/perissee.fr\/wp-content\/uploads\/logo-mountain-dark.png\",\"width\":190,\"height\":50,\"caption\":\"G\u00eete P\u00e9riss\u00e9 au pied des Pyr\u00e9n\u00e9es\"},\"image\":{\"@id\":\"https:\/\/perissee.fr\/fr\/#\/schema\/logo\/image\/\"}}]}<\/script>\n<!-- \/ Yoast SEO plugin. -->","yoast_head_json":{"title":"\u00c0 propos - G\u00eete P\u00e9riss\u00e9 au pied des Pyr\u00e9n\u00e9es","robots":{"index":"index","follow":"follow","max-snippet":"max-snippet:-1","max-image-preview":"max-image-preview:large","max-video-preview":"max-video-preview:-1"},"canonical":"https:\/\/perissee.fr\/fr\/ueber-uns\/","og_locale":"fr_FR","og_type":"article","og_title":"\u00c0 propos - G\u00eete P\u00e9riss\u00e9 au pied des Pyr\u00e9n\u00e9es","og_description":"Notre projet mill\u00e9naire En \u00e9t\u00e9 2000, nous avons achet\u00e9 cette ancienne ferme en Gascogne, au pied des Pyr\u00e9n\u00e9es, entre l&rsquo;Atlantique et la M\u00e9diterran\u00e9e. Une maison en pis\u00e9 massif qui avait malheureusement beaucoup souffert ces derni\u00e8res ann\u00e9es, car elle n&rsquo;avait pas \u00e9t\u00e9 habit\u00e9e depuis longtemps et le toit n&rsquo;\u00e9tait pas \u00e9tanche. Beaucoup de travail nous attendait [&hellip;]","og_url":"https:\/\/perissee.fr\/fr\/ueber-uns\/","og_site_name":"G\u00eete P\u00e9riss\u00e9 au pied des Pyr\u00e9n\u00e9es","article_modified_time":"2024-08-26T06:52:01+00:00","twitter_card":"summary_large_image","twitter_misc":{"Dur\u00e9e de lecture estim\u00e9e":"2 minutes"},"schema":{"@context":"https:\/\/schema.org","@graph":[{"@type":"WebPage","@id":"https:\/\/perissee.fr\/fr\/ueber-uns\/","url":"https:\/\/perissee.fr\/fr\/ueber-uns\/","name":"\u00c0 propos - G\u00eete P\u00e9riss\u00e9 au pied des Pyr\u00e9n\u00e9es","isPartOf":{"@id":"https:\/\/perissee.fr\/fr\/#website"},"datePublished":"2023-03-15T07:49:29+00:00","dateModified":"2024-08-26T06:52:01+00:00","breadcrumb":{"@id":"https:\/\/perissee.fr\/fr\/ueber-uns\/#breadcrumb"},"inLanguage":"fr-FR","potentialAction":[{"@type":"ReadAction","target":["https:\/\/perissee.fr\/fr\/ueber-uns\/"]}]},{"@type":"BreadcrumbList","@id":"https:\/\/perissee.fr\/fr\/ueber-uns\/#breadcrumb","itemListElement":[{"@type":"ListItem","position":1,"name":"Startseite","item":"https:\/\/perissee.fr\/fr\/"},{"@type":"ListItem","position":2,"name":"\u00c0 propos"}]},{"@type":"WebSite","@id":"https:\/\/perissee.fr\/fr\/#website","url":"https:\/\/perissee.fr\/fr\/","name":"G\u00eete P\u00e9riss\u00e9 au pied des Pyr\u00e9n\u00e9es","description":"Visitez-nous en Gascogne","publisher":{"@id":"https:\/\/perissee.fr\/fr\/#organization"},"potentialAction":[{"@type":"SearchAction","target":{"@type":"EntryPoint","urlTemplate":"https:\/\/perissee.fr\/fr\/?s={search_term_string}"},"query-input":{"@type":"PropertyValueSpecification","valueRequired":true,"valueName":"search_term_string"}}],"inLanguage":"fr-FR"},{"@type":"Organization","@id":"https:\/\/perissee.fr\/fr\/#organization","name":"G\u00eete P\u00e9riss\u00e9 au pied des Pyr\u00e9n\u00e9es","url":"https:\/\/perissee.fr\/fr\/","logo":{"@type":"ImageObject","inLanguage":"fr-FR","@id":"https:\/\/perissee.fr\/fr\/#\/schema\/logo\/image\/","url":"https:\/\/perissee.fr\/wp-content\/uploads\/logo-mountain-dark.png","contentUrl":"https:\/\/perissee.fr\/wp-content\/uploads\/logo-mountain-dark.png","width":190,"height":50,"caption":"G\u00eete P\u00e9riss\u00e9 au pied des Pyr\u00e9n\u00e9es"},"image":{"@id":"https:\/\/perissee.fr\/fr\/#\/schema\/logo\/image\/"}}]}},"uagb_featured_image_src":{"full":false,"thumbnail":false,"medium":false,"medium_large":false,"large":false,"1536x1536":false,"2048x2048":false},"uagb_author_info":{"display_name":"admin","author_link":"https:\/\/perissee.fr\/fr\/author\/admin\/"},"uagb_comment_info":0,"uagb_excerpt":"Notre projet mill\u00e9naire En \u00e9t\u00e9 2000, nous avons achet\u00e9 cette ancienne ferme en Gascogne, au pied des Pyr\u00e9n\u00e9es, entre l&rsquo;Atlantique et la M\u00e9diterran\u00e9e. Une maison en pis\u00e9 massif qui avait malheureusement beaucoup souffert ces derni\u00e8res ann\u00e9es, car elle n&rsquo;avait pas \u00e9t\u00e9 habit\u00e9e depuis longtemps et le toit n&rsquo;\u00e9tait pas \u00e9tanche. Beaucoup de travail nous attendait\u2026","_links":{"self":[{"href":"https:\/\/perissee.fr\/fr\/wp-json\/wp\/v2\/pages\/1184"}],"collection":[{"href":"https:\/\/perissee.fr\/fr\/wp-json\/wp\/v2\/pages"}],"about":[{"href":"https:\/\/perissee.fr\/fr\/wp-json\/wp\/v2\/types\/page"}],"author":[{"embeddable":true,"href":"https:\/\/perissee.fr\/fr\/wp-json\/wp\/v2\/users\/1"}],"replies":[{"embeddable":true,"href":"https:\/\/perissee.fr\/fr\/wp-json\/wp\/v2\/comments?post=1184"}],"version-history":[{"count":34,"href":"https:\/\/perissee.fr\/fr\/wp-json\/wp\/v2\/pages\/1184\/revisions"}],"predecessor-version":[{"id":2083,"href":"https:\/\/perissee.fr\/fr\/wp-json\/wp\/v2\/pages\/1184\/revisions\/2083"}],"wp:attachment":[{"href":"https:\/\/perissee.fr\/fr\/wp-json\/wp\/v2\/media?parent=1184"}],"curies":[{"name":"wp","href":"https:\/\/api.w.org\/{rel}","templated":true}]}}