{"id":1465,"date":"2020-05-12T03:43:05","date_gmt":"2020-05-12T01:43:05","guid":{"rendered":"https:\/\/perissee.fr\/wp\/contact\/"},"modified":"2023-11-12T16:09:41","modified_gmt":"2023-11-12T15:09:41","slug":"contact","status":"publish","type":"page","link":"https:\/\/perissee.fr\/fr\/contact\/","title":{"rendered":"Contact"},"content":{"rendered":"\n<div style=\"height:43px\" aria-hidden=\"true\" class=\"wp-block-spacer\"><\/div>\n\n\n\n<div class=\"wp-block-uagb-container uagb-block-0c2a3030 alignfull uagb-is-root-container\"><div class=\"uagb-container-inner-blocks-wrap\">\n<div class=\"wp-block-uagb-container uagb-block-b757113a\">\n<div class=\"wp-block-uagb-advanced-heading uagb-block-45ca50ae\"><h1 class=\"uagb-heading-text\">Contact<\/h1><\/div>\n\n\n\n<div class=\"wp-block-uagb-advanced-heading uagb-block-4464ec21\"><h2 class=\"uagb-heading-text\">T\u00e9l\u00e9phone<\/h2><\/div>\n\n\n\n<div class=\"wp-block-uagb-advanced-heading uagb-block-5cae4142\"><h2 class=\"uagb-heading-text\">0562-997352<\/h2><\/div>\n\n\n\n<div class=\"wp-block-uagb-advanced-heading uagb-block-63f9004a\"><h3 class=\"uagb-heading-text\">Courriel\u200b <\/h3><\/div>\n\n\n\n<div class=\"wp-block-uagb-advanced-heading uagb-block-41959d10\"><h3 class=\"uagb-heading-text\">info@perissee.fr<\/h3><\/div>\n<\/div>\n\n\n\n<div class=\"wp-block-uagb-container uagb-block-49281246\">\n<div class=\"wp-block-uagb-advanced-heading uagb-block-5d85f507\"><h2 class=\"uagb-heading-text\">ou envoyez-nous un message<\/h2><\/div>\n\n\n<div class=\"wpforms-container wpforms-block wpforms-block-a0bf99d3-9f60-409a-b7ff-13caa8d9cc6d\" id=\"wpforms-305\"><form id=\"wpforms-form-305\" class=\"wpforms-validate wpforms-form\" data-formid=\"305\" method=\"post\" enctype=\"multipart\/form-data\" action=\"\/fr\/wp-json\/wp\/v2\/pages\/1465\" data-token=\"2ea6267d109413f775b042e6b5fa16f2\" data-token-time=\"1775259745\"><noscript class=\"wpforms-error-noscript\">Veuillez activer JavaScript dans votre navigateur pour remplir ce formulaire.<\/noscript><div class=\"wpforms-field-container\"><div id=\"wpforms-305-field_1-container\" class=\"wpforms-field wpforms-field-name\" data-field-id=\"1\"><label class=\"wpforms-field-label wpforms-label-hide\" for=\"wpforms-305-field_1\">Nom <span class=\"wpforms-required-label\">*<\/span><\/label><input type=\"text\" id=\"wpforms-305-field_1\" class=\"wpforms-field-large wpforms-field-required\" name=\"wpforms[fields][1]\" placeholder=\"Nom\" required><\/div><div id=\"wpforms-305-field_2-container\" class=\"wpforms-field wpforms-field-number\" data-field-id=\"2\"><label class=\"wpforms-field-label wpforms-label-hide\" for=\"wpforms-305-field_2\">T\u00e9l\u00e9phone<\/label><input type=\"number\" id=\"wpforms-305-field_2\" class=\"wpforms-field-large\" name=\"wpforms[fields][2]\" placeholder=\"T\u00e9l. \" step=\"any\" ><\/div><div id=\"wpforms-305-field_3-container\" class=\"wpforms-field wpforms-field-email\" data-field-id=\"3\"><label class=\"wpforms-field-label wpforms-label-hide\" for=\"wpforms-305-field_3\">Courriel <span class=\"wpforms-required-label\">*<\/span><\/label><input type=\"email\" id=\"wpforms-305-field_3\" class=\"wpforms-field-large wpforms-field-required\" name=\"wpforms[fields][3]\" placeholder=\"Courriel\" spellcheck=\"false\" required><\/div><div id=\"wpforms-305-field_4-container\" class=\"wpforms-field wpforms-field-textarea\" data-field-id=\"4\"><label class=\"wpforms-field-label wpforms-label-hide\" for=\"wpforms-305-field_4\">Paragraph Text<\/label><textarea id=\"wpforms-305-field_4\" class=\"wpforms-field-medium\" name=\"wpforms[fields][4]\" placeholder=\"votre message\" ><\/textarea><\/div><\/div><!-- .wpforms-field-container --><div class=\"wpforms-field wpforms-field-hp\"><label for=\"wpforms-305-field-hp\" class=\"wpforms-field-label\">Message<\/label><input type=\"text\" name=\"wpforms[hp]\" id=\"wpforms-305-field-hp\" class=\"wpforms-field-medium\"><\/div>\r\n\t\t\t<script>\r\n\t\t\tif ( typeof huOptions !== 'undefined' ) {\r\n\t\t\t\tvar huFormData = {\"source\":\"wpforms\",\"id\":305,\"title\":\"Formulaire de contact\",\"fields\":{\"subject\":{\"first_name\":\"\",\"last_name\":\"\"}}};\r\n\t\t\t\tvar huFormNode = document.querySelector( '[id=\"wpforms-305\"] form' );\r\n\r\n\t\t\t\tvar firstName = huFormNode.querySelector( 'input.wpforms-field-name-first' );\r\n\t\t\t\tvar lastName = huFormNode.querySelector( 'input.wpforms-field-name-last' );\r\n\r\n\t\t\t\tif ( firstName )\r\n\t\t\t\t\thuFormData['fields']['subject']['first_name'] = firstName.getAttribute( 'name' );\r\n\r\n\t\t\t\tif ( lastName )\r\n\t\t\t\t\thuFormData['fields']['subject']['last_name'] = lastName.getAttribute( 'name' );\r\n\r\n\t\t\t\thuFormData['node'] = huFormNode;\r\n\t\t\t\thuOptions['forms'].push( huFormData );\r\n\t\t\t}\r\n\t\t\t<\/script><div class=\"wpforms-submit-container\" ><input type=\"hidden\" name=\"wpforms[id]\" value=\"305\"><input type=\"hidden\" name=\"page_title\" value=\"\"><input type=\"hidden\" name=\"page_url\" value=\"https:\/\/perissee.fr\/fr\/wp-json\/wp\/v2\/pages\/1465\"><input type=\"hidden\" name=\"url_referer\" value=\"\"><button type=\"submit\" name=\"wpforms[submit]\" id=\"wpforms-submit-305\" class=\"wpforms-submit\" data-alt-text=\"Sending...\" data-submit-text=\"Envoyer\" aria-live=\"assertive\" value=\"wpforms-submit\">Envoyer<\/button><\/div><\/form><\/div>  <!-- .wpforms-container --><\/div>\n<\/div><\/div>\n\n\n\n<div class=\"wp-block-uagb-container uagb-block-21ef41e1 alignfull uagb-is-root-container\"><div class=\"uagb-container-inner-blocks-wrap\">\t\t\t<div \n\t\t\tclass=\"wp-block-uagb-google-map uagb-google-map__wrap uagb-block-706409c0     \"\n\t\t\tstyle=\"\" >\n\t\t\t\t<embed\n\t\t\t\t\tclass=\"uagb-google-map__iframe\"\n\t\t\t\t\ttitle=\"Carte Google pour \"\n\t\t\t\t\tsrc=\"https:\/\/maps.google.com\/maps?q=G%C3%AEte%20P%C3%A9riss%C3%A9%2C%20178%2C%20chemin%20du%20lac%2C%20Libaros&#038;z=12&#038;hl=fr&#038;t=m&#038;output=embed&#038;iwloc=near\"\n\t\t\t\t\twidth=\"640\"\n\t\t\t\t\theight=\"400\"\n\t\t\t\t\tloading=\"lazy\"\n\t\t\t\t><\/embed>\n\t\t\t<\/div>\n\t\t\t<\/div><\/div>\n\n\n\n<div style=\"height:42px\" aria-hidden=\"true\" class=\"wp-block-spacer\"><\/div>\n","protected":false},"excerpt":{"rendered":"<p>Contact T\u00e9l\u00e9phone 0562-997352 Courriel\u200b info@perissee.fr ou envoyez-nous un message<\/p>\n","protected":false},"author":1,"featured_media":0,"parent":0,"menu_order":0,"comment_status":"closed","ping_status":"closed","template":"","meta":{"_eb_attr":"","_uag_custom_page_level_css":"","site-sidebar-layout":"no-sidebar","site-content-layout":"plain-container","ast-site-content-layout":"normal-width-container","site-content-style":"unboxed","site-sidebar-style":"unboxed","ast-global-header-display":"","ast-banner-title-visibility":"","ast-main-header-display":"","ast-hfb-above-header-display":"","ast-hfb-below-header-display":"","ast-hfb-mobile-header-display":"","site-post-title":"disabled","ast-breadcrumbs-content":"","ast-featured-img":"","footer-sml-layout":"","theme-transparent-header-meta":"disabled","adv-header-id-meta":"","stick-header-meta":"","header-above-stick-meta":"","header-main-stick-meta":"","header-below-stick-meta":"","astra-migrate-meta-layouts":"set","ast-page-background-enabled":"default","ast-page-background-meta":{"desktop":{"background-color":"","background-image":"","background-repeat":"repeat","background-position":"center center","background-size":"auto","background-attachment":"scroll","background-type":"","background-media":"","overlay-type":"","overlay-color":"","overlay-opacity":"","overlay-gradient":""},"tablet":{"background-color":"","background-image":"","background-repeat":"repeat","background-position":"center center","background-size":"auto","background-attachment":"scroll","background-type":"","background-media":"","overlay-type":"","overlay-color":"","overlay-opacity":"","overlay-gradient":""},"mobile":{"background-color":"","background-image":"","background-repeat":"repeat","background-position":"center center","background-size":"auto","background-attachment":"scroll","background-type":"","background-media":"","overlay-type":"","overlay-color":"","overlay-opacity":"","overlay-gradient":""}},"ast-content-background-meta":{"desktop":{"background-color":"var(--ast-global-color-5)","background-image":"","background-repeat":"repeat","background-position":"center center","background-size":"auto","background-attachment":"scroll","background-type":"","background-media":"","overlay-type":"","overlay-color":"","overlay-opacity":"","overlay-gradient":""},"tablet":{"background-color":"var(--ast-global-color-5)","background-image":"","background-repeat":"repeat","background-position":"center center","background-size":"auto","background-attachment":"scroll","background-type":"","background-media":"","overlay-type":"","overlay-color":"","overlay-opacity":"","overlay-gradient":""},"mobile":{"background-color":"var(--ast-global-color-5)","background-image":"","background-repeat":"repeat","background-position":"center center","background-size":"auto","background-attachment":"scroll","background-type":"","background-media":"","overlay-type":"","overlay-color":"","overlay-opacity":"","overlay-gradient":""}},"footnotes":""},"class_list":["post-1465","page","type-page","status-publish","hentry"],"yoast_head":"<!-- This site is optimized with the Yoast SEO plugin v24.6 - https:\/\/yoast.com\/wordpress\/plugins\/seo\/ -->\n<title>Contact - G\u00eete P\u00e9riss\u00e9 au pied des Pyr\u00e9n\u00e9es<\/title>\n<meta name=\"robots\" content=\"index, follow, max-snippet:-1, max-image-preview:large, max-video-preview:-1\" \/>\n<link rel=\"canonical\" href=\"https:\/\/perissee.fr\/fr\/contact\/\" \/>\n<meta property=\"og:locale\" content=\"fr_FR\" \/>\n<meta property=\"og:type\" content=\"article\" \/>\n<meta property=\"og:title\" content=\"Contact - G\u00eete P\u00e9riss\u00e9 au pied des Pyr\u00e9n\u00e9es\" \/>\n<meta property=\"og:description\" content=\"Contact T\u00e9l\u00e9phone 0562-997352 Courriel\u200b info@perissee.fr ou envoyez-nous un message\" \/>\n<meta property=\"og:url\" content=\"https:\/\/perissee.fr\/fr\/contact\/\" \/>\n<meta property=\"og:site_name\" content=\"G\u00eete P\u00e9riss\u00e9 au pied des Pyr\u00e9n\u00e9es\" \/>\n<meta property=\"article:modified_time\" content=\"2023-11-12T15:09:41+00:00\" \/>\n<meta name=\"twitter:card\" content=\"summary_large_image\" \/>\n<meta name=\"twitter:label1\" content=\"Dur\u00e9e de lecture estim\u00e9e\" \/>\n\t<meta name=\"twitter:data1\" content=\"1 minute\" \/>\n<script type=\"application\/ld+json\" class=\"yoast-schema-graph\">{\"@context\":\"https:\/\/schema.org\",\"@graph\":[{\"@type\":\"WebPage\",\"@id\":\"https:\/\/perissee.fr\/fr\/contact\/\",\"url\":\"https:\/\/perissee.fr\/fr\/contact\/\",\"name\":\"Contact - G\u00eete P\u00e9riss\u00e9 au pied des Pyr\u00e9n\u00e9es\",\"isPartOf\":{\"@id\":\"https:\/\/perissee.fr\/fr\/#website\"},\"datePublished\":\"2020-05-12T01:43:05+00:00\",\"dateModified\":\"2023-11-12T15:09:41+00:00\",\"breadcrumb\":{\"@id\":\"https:\/\/perissee.fr\/fr\/contact\/#breadcrumb\"},\"inLanguage\":\"fr-FR\",\"potentialAction\":[{\"@type\":\"ReadAction\",\"target\":[\"https:\/\/perissee.fr\/fr\/contact\/\"]}]},{\"@type\":\"BreadcrumbList\",\"@id\":\"https:\/\/perissee.fr\/fr\/contact\/#breadcrumb\",\"itemListElement\":[{\"@type\":\"ListItem\",\"position\":1,\"name\":\"Startseite\",\"item\":\"https:\/\/perissee.fr\/fr\/\"},{\"@type\":\"ListItem\",\"position\":2,\"name\":\"Contact\"}]},{\"@type\":\"WebSite\",\"@id\":\"https:\/\/perissee.fr\/fr\/#website\",\"url\":\"https:\/\/perissee.fr\/fr\/\",\"name\":\"G\u00eete P\u00e9riss\u00e9 au pied des Pyr\u00e9n\u00e9es\",\"description\":\"Visitez-nous en Gascogne\",\"publisher\":{\"@id\":\"https:\/\/perissee.fr\/fr\/#organization\"},\"potentialAction\":[{\"@type\":\"SearchAction\",\"target\":{\"@type\":\"EntryPoint\",\"urlTemplate\":\"https:\/\/perissee.fr\/fr\/?s={search_term_string}\"},\"query-input\":{\"@type\":\"PropertyValueSpecification\",\"valueRequired\":true,\"valueName\":\"search_term_string\"}}],\"inLanguage\":\"fr-FR\"},{\"@type\":\"Organization\",\"@id\":\"https:\/\/perissee.fr\/fr\/#organization\",\"name\":\"G\u00eete P\u00e9riss\u00e9 au pied des Pyr\u00e9n\u00e9es\",\"url\":\"https:\/\/perissee.fr\/fr\/\",\"logo\":{\"@type\":\"ImageObject\",\"inLanguage\":\"fr-FR\",\"@id\":\"https:\/\/perissee.fr\/fr\/#\/schema\/logo\/image\/\",\"url\":\"https:\/\/perissee.fr\/wp-content\/uploads\/logo-mountain-dark.png\",\"contentUrl\":\"https:\/\/perissee.fr\/wp-content\/uploads\/logo-mountain-dark.png\",\"width\":190,\"height\":50,\"caption\":\"G\u00eete P\u00e9riss\u00e9 au pied des Pyr\u00e9n\u00e9es\"},\"image\":{\"@id\":\"https:\/\/perissee.fr\/fr\/#\/schema\/logo\/image\/\"}}]}<\/script>\n<!-- \/ Yoast SEO plugin. -->","yoast_head_json":{"title":"Contact - G\u00eete P\u00e9riss\u00e9 au pied des Pyr\u00e9n\u00e9es","robots":{"index":"index","follow":"follow","max-snippet":"max-snippet:-1","max-image-preview":"max-image-preview:large","max-video-preview":"max-video-preview:-1"},"canonical":"https:\/\/perissee.fr\/fr\/contact\/","og_locale":"fr_FR","og_type":"article","og_title":"Contact - G\u00eete P\u00e9riss\u00e9 au pied des Pyr\u00e9n\u00e9es","og_description":"Contact T\u00e9l\u00e9phone 0562-997352 Courriel\u200b info@perissee.fr ou envoyez-nous un message","og_url":"https:\/\/perissee.fr\/fr\/contact\/","og_site_name":"G\u00eete P\u00e9riss\u00e9 au pied des Pyr\u00e9n\u00e9es","article_modified_time":"2023-11-12T15:09:41+00:00","twitter_card":"summary_large_image","twitter_misc":{"Dur\u00e9e de lecture estim\u00e9e":"1 minute"},"schema":{"@context":"https:\/\/schema.org","@graph":[{"@type":"WebPage","@id":"https:\/\/perissee.fr\/fr\/contact\/","url":"https:\/\/perissee.fr\/fr\/contact\/","name":"Contact - G\u00eete P\u00e9riss\u00e9 au pied des Pyr\u00e9n\u00e9es","isPartOf":{"@id":"https:\/\/perissee.fr\/fr\/#website"},"datePublished":"2020-05-12T01:43:05+00:00","dateModified":"2023-11-12T15:09:41+00:00","breadcrumb":{"@id":"https:\/\/perissee.fr\/fr\/contact\/#breadcrumb"},"inLanguage":"fr-FR","potentialAction":[{"@type":"ReadAction","target":["https:\/\/perissee.fr\/fr\/contact\/"]}]},{"@type":"BreadcrumbList","@id":"https:\/\/perissee.fr\/fr\/contact\/#breadcrumb","itemListElement":[{"@type":"ListItem","position":1,"name":"Startseite","item":"https:\/\/perissee.fr\/fr\/"},{"@type":"ListItem","position":2,"name":"Contact"}]},{"@type":"WebSite","@id":"https:\/\/perissee.fr\/fr\/#website","url":"https:\/\/perissee.fr\/fr\/","name":"G\u00eete P\u00e9riss\u00e9 au pied des Pyr\u00e9n\u00e9es","description":"Visitez-nous en Gascogne","publisher":{"@id":"https:\/\/perissee.fr\/fr\/#organization"},"potentialAction":[{"@type":"SearchAction","target":{"@type":"EntryPoint","urlTemplate":"https:\/\/perissee.fr\/fr\/?s={search_term_string}"},"query-input":{"@type":"PropertyValueSpecification","valueRequired":true,"valueName":"search_term_string"}}],"inLanguage":"fr-FR"},{"@type":"Organization","@id":"https:\/\/perissee.fr\/fr\/#organization","name":"G\u00eete P\u00e9riss\u00e9 au pied des Pyr\u00e9n\u00e9es","url":"https:\/\/perissee.fr\/fr\/","logo":{"@type":"ImageObject","inLanguage":"fr-FR","@id":"https:\/\/perissee.fr\/fr\/#\/schema\/logo\/image\/","url":"https:\/\/perissee.fr\/wp-content\/uploads\/logo-mountain-dark.png","contentUrl":"https:\/\/perissee.fr\/wp-content\/uploads\/logo-mountain-dark.png","width":190,"height":50,"caption":"G\u00eete P\u00e9riss\u00e9 au pied des Pyr\u00e9n\u00e9es"},"image":{"@id":"https:\/\/perissee.fr\/fr\/#\/schema\/logo\/image\/"}}]}},"uagb_featured_image_src":{"full":false,"thumbnail":false,"medium":false,"medium_large":false,"large":false,"1536x1536":false,"2048x2048":false},"uagb_author_info":{"display_name":"admin","author_link":"https:\/\/perissee.fr\/fr\/author\/admin\/"},"uagb_comment_info":0,"uagb_excerpt":"Contact T\u00e9l\u00e9phone 0562-997352 Courriel\u200b info@perissee.fr ou envoyez-nous un message","_links":{"self":[{"href":"https:\/\/perissee.fr\/fr\/wp-json\/wp\/v2\/pages\/1465"}],"collection":[{"href":"https:\/\/perissee.fr\/fr\/wp-json\/wp\/v2\/pages"}],"about":[{"href":"https:\/\/perissee.fr\/fr\/wp-json\/wp\/v2\/types\/page"}],"author":[{"embeddable":true,"href":"https:\/\/perissee.fr\/fr\/wp-json\/wp\/v2\/users\/1"}],"replies":[{"embeddable":true,"href":"https:\/\/perissee.fr\/fr\/wp-json\/wp\/v2\/comments?post=1465"}],"version-history":[{"count":28,"href":"https:\/\/perissee.fr\/fr\/wp-json\/wp\/v2\/pages\/1465\/revisions"}],"predecessor-version":[{"id":2091,"href":"https:\/\/perissee.fr\/fr\/wp-json\/wp\/v2\/pages\/1465\/revisions\/2091"}],"wp:attachment":[{"href":"https:\/\/perissee.fr\/fr\/wp-json\/wp\/v2\/media?parent=1465"}],"curies":[{"name":"wp","href":"https:\/\/api.w.org\/{rel}","templated":true}]}}